{"id":1727067,"date":"2026-04-01T09:32:43","date_gmt":"2026-04-01T07:32:43","guid":{"rendered":"https:\/\/bs-brands.com\/wie-sie-kaufen\/"},"modified":"2026-04-01T09:46:10","modified_gmt":"2026-04-01T07:46:10","slug":"wie-sie-kaufen","status":"publish","type":"page","link":"https:\/\/bs-brands.com\/de\/wie-sie-kaufen\/","title":{"rendered":"Wie Sie kaufen"},"content":{"rendered":"\t\t<div data-elementor-type=\"wp-page\" data-elementor-id=\"1727067\" class=\"elementor elementor-1727067 elementor-1727059\" data-elementor-post-type=\"page\">\n\t\t\t\t\t\t<section class=\"elementor-section elementor-top-section elementor-element elementor-element-9340f67 elementor-hidden-desktop elementor-hidden-mobile elementor-section-boxed elementor-section-height-default elementor-section-height-default\" data-id=\"9340f67\" data-element_type=\"section\">\n\t\t\t\t\t\t<div class=\"elementor-container elementor-column-gap-default\">\n\t\t\t\t\t<div class=\"elementor-column elementor-col-100 elementor-top-column elementor-element elementor-element-abe2cca\" data-id=\"abe2cca\" data-element_type=\"column\">\n\t\t\t<div class=\"elementor-widget-wrap elementor-element-populated\">\n\t\t\t\t\t\t<div class=\"elementor-element elementor-element-530fccd elementor-widget elementor-widget-heading\" data-id=\"530fccd\" data-element_type=\"widget\" data-widget_type=\"heading.default\">\n\t\t\t\t<div class=\"elementor-widget-container\">\n\t\t\t\t\t<h2 class=\"elementor-heading-title elementor-size-default\">Wie Sie kaufen<br>Black Spider\u200b\n<\/h2>\t\t\t\t<\/div>\n\t\t\t\t<\/div>\n\t\t\t\t\t<\/div>\n\t\t<\/div>\n\t\t\t\t\t<\/div>\n\t\t<\/section>\n\t\t\t\t<section class=\"elementor-section elementor-top-section elementor-element elementor-element-4f8c822 elementor-hidden-tablet elementor-section-boxed elementor-section-height-default elementor-section-height-default\" data-id=\"4f8c822\" data-element_type=\"section\">\n\t\t\t\t\t\t<div class=\"elementor-container elementor-column-gap-default\">\n\t\t\t\t\t<div class=\"elementor-column elementor-col-100 elementor-top-column elementor-element elementor-element-c1f68a9\" data-id=\"c1f68a9\" data-element_type=\"column\">\n\t\t\t<div class=\"elementor-widget-wrap elementor-element-populated\">\n\t\t\t\t\t\t<div class=\"elementor-element elementor-element-4e13a18 elementor-widget elementor-widget-heading\" data-id=\"4e13a18\" data-element_type=\"widget\" data-widget_type=\"heading.default\">\n\t\t\t\t<div class=\"elementor-widget-container\">\n\t\t\t\t\t<h2 class=\"elementor-heading-title elementor-size-default\">Finden Sie Ihren n\u00e4chsten BLACK SPIDER BRANDS H\u00e4ndler!<\/h2>\t\t\t\t<\/div>\n\t\t\t\t<\/div>\n\t\t\t\t<section class=\"elementor-section elementor-inner-section elementor-element elementor-element-4b7c1fc elementor-section-boxed elementor-section-height-default elementor-section-height-default\" data-id=\"4b7c1fc\" data-element_type=\"section\">\n\t\t\t\t\t\t<div class=\"elementor-container elementor-column-gap-default\">\n\t\t\t\t\t<div class=\"elementor-column elementor-col-100 elementor-inner-column elementor-element elementor-element-d63cca6\" data-id=\"d63cca6\" data-element_type=\"column\">\n\t\t\t<div class=\"elementor-widget-wrap elementor-element-populated\">\n\t\t\t\t\t\t<div class=\"elementor-element elementor-element-04b5539 elementor-widget__width-initial elementor-widget elementor-widget-text-editor\" data-id=\"04b5539\" data-element_type=\"widget\" data-widget_type=\"text-editor.default\">\n\t\t\t\t<div class=\"elementor-widget-container\">\n\t\t\t\t\t\t\t\t\t<h6>Produkte, die f\u00fcr den professionellen Markt konzipiert sind und \u00fcber ein gut strukturiertes und ausgew\u00e4hltes Vertriebsnetz vertrieben werden.<\/h6>\n\t\t\t\t\t\t\t\t<\/div>\n\t\t\t\t<\/div>\n\t\t\t\t\t<\/div>\n\t\t<\/div>\n\t\t\t\t\t<\/div>\n\t\t<\/section>\n\t\t\t\t\t<\/div>\n\t\t<\/div>\n\t\t\t\t\t<\/div>\n\t\t<\/section>\n\t\t\t\t<section class=\"elementor-section elementor-top-section elementor-element elementor-element-d27445e elementor-hidden-tablet elementor-section-boxed elementor-section-height-default elementor-section-height-default\" data-id=\"d27445e\" data-element_type=\"section\">\n\t\t\t\t\t\t<div class=\"elementor-container elementor-column-gap-default\">\n\t\t\t\t\t<div class=\"elementor-column elementor-col-100 elementor-top-column elementor-element elementor-element-649824b\" data-id=\"649824b\" data-element_type=\"column\">\n\t\t\t<div class=\"elementor-widget-wrap elementor-element-populated\">\n\t\t\t\t\t\t<section class=\"elementor-section elementor-inner-section elementor-element elementor-element-57fb01b elementor-section-boxed elementor-section-height-default elementor-section-height-default\" data-id=\"57fb01b\" data-element_type=\"section\">\n\t\t\t\t\t\t<div class=\"elementor-container elementor-column-gap-default\">\n\t\t\t\t\t<div class=\"elementor-column elementor-col-100 elementor-inner-column elementor-element elementor-element-bd9c396\" data-id=\"bd9c396\" data-element_type=\"column\">\n\t\t\t<div class=\"elementor-widget-wrap elementor-element-populated\">\n\t\t\t\t\t\t<div class=\"elementor-element elementor-element-b4ea7f5 elementor-widget__width-initial elementor-widget elementor-widget-text-editor\" data-id=\"b4ea7f5\" data-element_type=\"widget\" data-widget_type=\"text-editor.default\">\n\t\t\t\t<div class=\"elementor-widget-container\">\n\t\t\t\t\t\t\t\t\t<p>Black Spider verkauft nicht direkt an Endkunden.<\/p>\n<p>Unsere Produkte werden \u00fcber ein Netzwerk von Partnerh\u00e4ndlern vertrieben, die aufgrund ihrer Kompetenz, Zuverl\u00e4ssigkeit und Marktkenntnis ausgew\u00e4hlt wurden.<\/p>\n<p>Mit diesem Modell k\u00f6nnen wir Folgendes garantieren:<\/p>\n<ul>\n<li>fundierte Beratung<\/li>\n<li>professionelle Individualisierung<\/li>\n<li>Kontinuit\u00e4t im Laufe der Zeit<\/li>\n<li>Einhaltung der Vertriebskan\u00e4le<\/li>\n<\/ul>\n<p>Je nachdem, wer du bist und was du erreichen m\u00f6chtest, vermitteln wir dir den passenden Partner.<\/p>\n\t\t\t\t\t\t\t\t<\/div>\n\t\t\t\t<\/div>\n\t\t\t\t\t<\/div>\n\t\t<\/div>\n\t\t\t\t\t<\/div>\n\t\t<\/section>\n\t\t\t\t\t<\/div>\n\t\t<\/div>\n\t\t\t\t\t<\/div>\n\t\t<\/section>\n\t\t\t\t<section class=\"elementor-section elementor-top-section elementor-element elementor-element-adcb524 elementor-hidden-tablet elementor-section-boxed elementor-section-height-default elementor-section-height-default\" data-id=\"adcb524\" data-element_type=\"section\" data-settings=\"{&quot;background_background&quot;:&quot;classic&quot;}\">\n\t\t\t\t\t\t<div class=\"elementor-container elementor-column-gap-default\">\n\t\t\t\t\t<div class=\"elementor-column elementor-col-100 elementor-top-column elementor-element elementor-element-abff362\" data-id=\"abff362\" data-element_type=\"column\">\n\t\t\t<div class=\"elementor-widget-wrap elementor-element-populated\">\n\t\t\t\t\t\t<div class=\"elementor-element elementor-element-8d3e52a elementor-widget elementor-widget-heading\" data-id=\"8d3e52a\" data-element_type=\"widget\" data-widget_type=\"heading.default\">\n\t\t\t\t<div class=\"elementor-widget-container\">\n\t\t\t\t\t<h2 class=\"elementor-heading-title elementor-size-default\">Ein europ\u00e4isches Netzwerk, mehr Wege<\/h2>\t\t\t\t<\/div>\n\t\t\t\t<\/div>\n\t\t\t\t<section class=\"elementor-section elementor-inner-section elementor-element elementor-element-3d8e30c elementor-section-boxed elementor-section-height-default elementor-section-height-default\" data-id=\"3d8e30c\" data-element_type=\"section\">\n\t\t\t\t\t\t<div class=\"elementor-container elementor-column-gap-default\">\n\t\t\t\t\t<div class=\"elementor-column elementor-col-100 elementor-inner-column elementor-element elementor-element-c086d1e\" data-id=\"c086d1e\" data-element_type=\"column\">\n\t\t\t<div class=\"elementor-widget-wrap elementor-element-populated\">\n\t\t\t\t\t\t<div class=\"elementor-element elementor-element-c722ba7 elementor-widget__width-initial elementor-widget elementor-widget-text-editor\" data-id=\"c722ba7\" data-element_type=\"widget\" data-widget_type=\"text-editor.default\">\n\t\t\t\t<div class=\"elementor-widget-container\">\n\t\t\t\t\t\t\t\t\t<p>Ein europ\u00e4isches Netzwerk, mehr Wege<\/p>\n<p>Black Spider wird \u00fcber ein Netzwerk von H\u00e4ndlern und Partnern vertrieben, die in ganz Europa t\u00e4tig sind.<br \/>Jeder Partner ist auf seinem eigenen Markt t\u00e4tig, h\u00e4lt sich dabei jedoch an dieselben Standards in Bezug auf Produktqualit\u00e4t, Service und Zuverl\u00e4ssigkeit.<\/p>\n<p>Je nachdem, wer du bist und was du erreichen willst, sieht der Weg anders aus.<\/p>\n\t\t\t\t\t\t\t\t<\/div>\n\t\t\t\t<\/div>\n\t\t\t\t\t<\/div>\n\t\t<\/div>\n\t\t\t\t\t<\/div>\n\t\t<\/section>\n\t\t\t\t<section class=\"elementor-section elementor-inner-section elementor-element elementor-element-c9b144d elementor-section-boxed elementor-section-height-default elementor-section-height-default\" data-id=\"c9b144d\" data-element_type=\"section\">\n\t\t\t\t\t\t<div class=\"elementor-container elementor-column-gap-default\">\n\t\t\t\t\t<div class=\"elementor-column elementor-col-33 elementor-inner-column elementor-element elementor-element-ce2f98a\" data-id=\"ce2f98a\" data-element_type=\"column\">\n\t\t\t<div class=\"elementor-widget-wrap elementor-element-populated\">\n\t\t\t\t\t\t<div class=\"elementor-element elementor-element-cb41fb8 elementor-cta--layout-image-above elementor-cta--skin-classic elementor-animated-content elementor-bg-transform elementor-bg-transform-zoom-in elementor-widget elementor-widget-call-to-action\" data-id=\"cb41fb8\" data-element_type=\"widget\" data-widget_type=\"call-to-action.default\">\n\t\t\t\t<div class=\"elementor-widget-container\">\n\t\t\t\t\t\t\t<a class=\"elementor-cta\" href=\"https:\/\/bs-brands.com\/come-acquistare\/aziende\/\">\n\t\t\t\t\t<div class=\"elementor-cta__bg-wrapper\">\n\t\t\t\t<div class=\"elementor-cta__bg elementor-bg\" style=\"background-image: url(https:\/\/bs-brands.com\/wp-content\/uploads\/2026\/02\/blocco1-2.jpg);\" role=\"img\" aria-label=\"blocco1\"><\/div>\n\t\t\t\t<div class=\"elementor-cta__bg-overlay\"><\/div>\n\t\t\t<\/div>\n\t\t\t\t\t\t\t<div class=\"elementor-cta__content\">\n\t\t\t\t\n\t\t\t\t\t\t\t\t\t<h4 class=\"elementor-cta__title elementor-cta__content-item elementor-content-item\">\n\t\t\t\t\t\tUnternehmen, Verband oder Organisation\t\t\t\t\t<\/h4>\n\t\t\t\t\n\t\t\t\t\t\t\t\t\t<div class=\"elementor-cta__description elementor-cta__content-item elementor-content-item\">\n\t\t\t\t\t\t<p>Gestalte Black Spider-Kleidung individuell f\u00fcr Veranstaltungen, Teams, den Arbeitsalltag oder Werbezwecke.<br \/>Wir vermitteln dir einen Partner, der dich ber\u00e4t, die Individualisierung \u00fcbernimmt und die Lieferung organisiert.<\/p>\n\t\t\t\t\t<\/div>\n\t\t\t\t\n\t\t\t\t\t\t\t\t\t<div class=\"elementor-cta__button-wrapper elementor-cta__content-item elementor-content-item \">\n\t\t\t\t\t<span class=\"elementor-cta__button elementor-button elementor-size-\">\n\t\t\t\t\t\tFinden Sie den richtigen H\u00e4ndler\t\t\t\t\t<\/span>\n\t\t\t\t\t<\/div>\n\t\t\t\t\t\t\t<\/div>\n\t\t\t\t\t\t<\/a>\n\t\t\t\t\t\t<\/div>\n\t\t\t\t<\/div>\n\t\t\t\t\t<\/div>\n\t\t<\/div>\n\t\t\t\t<div class=\"elementor-column elementor-col-33 elementor-inner-column elementor-element elementor-element-4ec546b\" data-id=\"4ec546b\" data-element_type=\"column\">\n\t\t\t<div class=\"elementor-widget-wrap elementor-element-populated\">\n\t\t\t\t\t\t<div class=\"elementor-element elementor-element-2c08221 elementor-cta--skin-classic elementor-animated-content elementor-bg-transform elementor-bg-transform-zoom-in elementor-widget elementor-widget-call-to-action\" data-id=\"2c08221\" data-element_type=\"widget\" data-widget_type=\"call-to-action.default\">\n\t\t\t\t<div class=\"elementor-widget-container\">\n\t\t\t\t\t\t\t<a class=\"elementor-cta\" href=\"https:\/\/bs-brands.com\/come-acquistare\/creator\/\">\n\t\t\t\t\t<div class=\"elementor-cta__bg-wrapper\">\n\t\t\t\t<div class=\"elementor-cta__bg elementor-bg\" style=\"background-image: url(https:\/\/bs-brands.com\/wp-content\/uploads\/2026\/02\/blocco2.jpg);\" role=\"img\" aria-label=\"blocco2\"><\/div>\n\t\t\t\t<div class=\"elementor-cta__bg-overlay\"><\/div>\n\t\t\t<\/div>\n\t\t\t\t\t\t\t<div class=\"elementor-cta__content\">\n\t\t\t\t\n\t\t\t\t\t\t\t\t\t<h4 class=\"elementor-cta__title elementor-cta__content-item elementor-content-item\">\n\t\t\t\t\t\tBrand, Creator oder Kollektionsprojekt\t\t\t\t\t<\/h4>\n\t\t\t\t\n\t\t\t\t\t\t\t\t\t<div class=\"elementor-cta__description elementor-cta__content-item elementor-content-item\">\n\t\t\t\t\t\t<p>Entwickle Kollektionen, Kapselkollektionen oder fortlaufende Projekte auf der Grundlage der Black-Spider-Modelle.<br \/>Arbeite mit Partnern zusammen, die es gewohnt sind, die Produktentwicklung langfristig zu begleiten.<\/p>\n\t\t\t\t\t<\/div>\n\t\t\t\t\n\t\t\t\t\t\t\t\t\t<div class=\"elementor-cta__button-wrapper elementor-cta__content-item elementor-content-item \">\n\t\t\t\t\t<span class=\"elementor-cta__button elementor-button elementor-size-\">\n\t\t\t\t\t\tEntwickle dein Projekt\t\t\t\t\t<\/span>\n\t\t\t\t\t<\/div>\n\t\t\t\t\t\t\t<\/div>\n\t\t\t\t\t\t<\/a>\n\t\t\t\t\t\t<\/div>\n\t\t\t\t<\/div>\n\t\t\t\t\t<\/div>\n\t\t<\/div>\n\t\t\t\t<div class=\"elementor-column elementor-col-33 elementor-inner-column elementor-element elementor-element-e9f9889\" data-id=\"e9f9889\" data-element_type=\"column\">\n\t\t\t<div class=\"elementor-widget-wrap elementor-element-populated\">\n\t\t\t\t\t\t<div class=\"elementor-element elementor-element-b7a67d3 elementor-cta--skin-classic elementor-animated-content elementor-bg-transform elementor-bg-transform-zoom-in elementor-widget elementor-widget-call-to-action\" data-id=\"b7a67d3\" data-element_type=\"widget\" data-widget_type=\"call-to-action.default\">\n\t\t\t\t<div class=\"elementor-widget-container\">\n\t\t\t\t\t\t\t<a class=\"elementor-cta\" href=\"https:\/\/bs-brands.com\/come-acquistare\/rivenditore\/\">\n\t\t\t\t\t<div class=\"elementor-cta__bg-wrapper\">\n\t\t\t\t<div class=\"elementor-cta__bg elementor-bg\" style=\"background-image: url(https:\/\/bs-brands.com\/wp-content\/uploads\/2026\/02\/blocco3.jpg);\" role=\"img\" aria-label=\"blocco3\"><\/div>\n\t\t\t\t<div class=\"elementor-cta__bg-overlay\"><\/div>\n\t\t\t<\/div>\n\t\t\t\t\t\t\t<div class=\"elementor-cta__content\">\n\t\t\t\t\n\t\t\t\t\t\t\t\t\t<h4 class=\"elementor-cta__title elementor-cta__content-item elementor-content-item\">\n\t\t\t\t\t\tBranchenprofi oder Wiederverk\u00e4ufer\t\t\t\t\t<\/h4>\n\t\t\t\t\n\t\t\t\t\t\t\t\t\t<div class=\"elementor-cta__description elementor-cta__content-item elementor-content-item\">\n\t\t\t\t\t\t<p>Werden Sie Teil des Black Spider-Netzwerks und profitieren Sie von einem umfassenden Sortiment, europ\u00e4ischen Lagerbest\u00e4nden und einem engagierten Support.<br \/>Ein Modell, das speziell f\u00fcr diejenigen entwickelt wurde, die wirklich in der Branche t\u00e4tig sind.<\/p>\n\t\t\t\t\t<\/div>\n\t\t\t\t\n\t\t\t\t\t\t\t\t\t<div class=\"elementor-cta__button-wrapper elementor-cta__content-item elementor-content-item \">\n\t\t\t\t\t<span class=\"elementor-cta__button elementor-button elementor-size-\">\n\t\t\t\t\t\tWerden Sie Black Spider-Partner\t\t\t\t\t<\/span>\n\t\t\t\t\t<\/div>\n\t\t\t\t\t\t\t<\/div>\n\t\t\t\t\t\t<\/a>\n\t\t\t\t\t\t<\/div>\n\t\t\t\t<\/div>\n\t\t\t\t\t<\/div>\n\t\t<\/div>\n\t\t\t\t\t<\/div>\n\t\t<\/section>\n\t\t\t\t\t<\/div>\n\t\t<\/div>\n\t\t\t\t\t<\/div>\n\t\t<\/section>\n\t\t\t\t<section class=\"elementor-section elementor-top-section elementor-element elementor-element-dd6d81c elementor-section-boxed elementor-section-height-default elementor-section-height-default\" data-id=\"dd6d81c\" data-element_type=\"section\">\n\t\t\t\t\t\t<div class=\"elementor-container elementor-column-gap-default\">\n\t\t\t\t\t<div class=\"elementor-column elementor-col-100 elementor-top-column elementor-element elementor-element-3fcec0a\" data-id=\"3fcec0a\" data-element_type=\"column\">\n\t\t\t<div class=\"elementor-widget-wrap elementor-element-populated\">\n\t\t\t\t\t\t<div class=\"elementor-element elementor-element-b735f80 elementor-widget elementor-widget-heading\" data-id=\"b735f80\" data-element_type=\"widget\" data-widget_type=\"heading.default\">\n\t\t\t\t<div class=\"elementor-widget-container\">\n\t\t\t\t\t<h2 class=\"elementor-heading-title elementor-size-default\">Wei\u00dft du nicht, welcher Weg der richtige f\u00fcr dich ist?\n<\/h2>\t\t\t\t<\/div>\n\t\t\t\t<\/div>\n\t\t\t\t<section class=\"elementor-section elementor-inner-section elementor-element elementor-element-c7b8e28 elementor-section-boxed elementor-section-height-default elementor-section-height-default\" data-id=\"c7b8e28\" data-element_type=\"section\">\n\t\t\t\t\t\t<div class=\"elementor-container elementor-column-gap-default\">\n\t\t\t\t\t<div class=\"elementor-column elementor-col-100 elementor-inner-column elementor-element elementor-element-81235f2\" data-id=\"81235f2\" data-element_type=\"column\">\n\t\t\t<div class=\"elementor-widget-wrap elementor-element-populated\">\n\t\t\t\t\t\t<div class=\"elementor-element elementor-element-1c97ef4 elementor-widget__width-initial elementor-widget elementor-widget-text-editor\" data-id=\"1c97ef4\" data-element_type=\"widget\" data-widget_type=\"text-editor.default\">\n\t\t\t\t<div class=\"elementor-widget-container\">\n\t\t\t\t\t\t\t\t\t<p data-start=\"3735\" data-end=\"3824\">Erz\u00e4hl uns, wer du bist und was du umsetzen m\u00f6chtest. Wir bringen dich mit dem passenden Black Spider Partner in deinem Land in Kontakt. <\/p>\n\t\t\t\t\t\t\t\t<\/div>\n\t\t\t\t<\/div>\n\t\t\t\t\t<\/div>\n\t\t<\/div>\n\t\t\t\t\t<\/div>\n\t\t<\/section>\n\t\t\t\t<section class=\"elementor-section elementor-inner-section elementor-element elementor-element-ae6c620 elementor-section-boxed elementor-section-height-default elementor-section-height-default\" data-id=\"ae6c620\" data-element_type=\"section\">\n\t\t\t\t\t\t<div class=\"elementor-container elementor-column-gap-default\">\n\t\t\t\t\t<div class=\"elementor-column elementor-col-50 elementor-inner-column elementor-element elementor-element-8877fff\" data-id=\"8877fff\" data-element_type=\"column\">\n\t\t\t<div class=\"elementor-widget-wrap elementor-element-populated\">\n\t\t\t\t\t\t<div class=\"elementor-element elementor-element-5069b9a elementor-widget elementor-widget-button\" data-id=\"5069b9a\" data-element_type=\"widget\" data-widget_type=\"button.default\">\n\t\t\t\t<div class=\"elementor-widget-container\">\n\t\t\t\t\t\t\t\t\t<div class=\"elementor-button-wrapper\">\n\t\t\t\t\t<a class=\"elementor-button elementor-button-link elementor-size-sm\" href=\"mailto:info@bs-brands.com?subject=Richiesta%20Black%20Spider\">\n\t\t\t\t\t\t<span class=\"elementor-button-content-wrapper\">\n\t\t\t\t\t\t\t\t\t<span class=\"elementor-button-text\">Kontaktiere uns &gt;<\/span>\n\t\t\t\t\t<\/span>\n\t\t\t\t\t<\/a>\n\t\t\t\t<\/div>\n\t\t\t\t\t\t\t\t<\/div>\n\t\t\t\t<\/div>\n\t\t\t\t\t<\/div>\n\t\t<\/div>\n\t\t\t\t<div class=\"elementor-column elementor-col-50 elementor-inner-column elementor-element elementor-element-3178ab6\" data-id=\"3178ab6\" data-element_type=\"column\">\n\t\t\t<div class=\"elementor-widget-wrap\">\n\t\t\t\t\t\t\t<\/div>\n\t\t<\/div>\n\t\t\t\t\t<\/div>\n\t\t<\/section>\n\t\t\t\t\t<\/div>\n\t\t<\/div>\n\t\t\t\t\t<\/div>\n\t\t<\/section>\n\t\t\t\t<\/div>\n\t\t","protected":false},"excerpt":{"rendered":"<p>Wie Sie kaufenBlack Spider\u200b Finden Sie Ihren n\u00e4chsten BLACK SPIDER BRANDS H\u00e4ndler! Produkte, die f\u00fcr den professionellen Markt konzipiert sind und \u00fcber ein gut strukturiertes und ausgew\u00e4hltes Vertriebsnetz vertrieben werden. Black Spider verkauft nicht direkt an Endkunden. Unsere Produkte werden \u00fcber ein Netzwerk von Partnerh\u00e4ndlern vertrieben, die aufgrund ihrer Kompetenz, Zuverl\u00e4ssigkeit und Marktkenntnis ausgew\u00e4hlt wurden. &hellip;<\/p>\n","protected":false},"author":4,"featured_media":0,"parent":0,"menu_order":0,"comment_status":"closed","ping_status":"closed","template":"","meta":{"footnotes":""},"class_list":["post-1727067","page","type-page","status-publish","hentry"],"yoast_head":"<!-- This site is optimized with the Yoast SEO plugin v25.6 - https:\/\/yoast.com\/wordpress\/plugins\/seo\/ -->\n<title>Wie Sie kaufen - Black Spider Brands<\/title>\n<meta name=\"robots\" content=\"index, follow, max-snippet:-1, max-image-preview:large, max-video-preview:-1\" \/>\n<link rel=\"canonical\" href=\"https:\/\/bs-brands.com\/de\/wie-sie-kaufen\/\" \/>\n<meta property=\"og:locale\" content=\"de_DE\" \/>\n<meta property=\"og:type\" content=\"article\" \/>\n<meta property=\"og:title\" content=\"Wie Sie kaufen - Black Spider Brands\" \/>\n<meta property=\"og:description\" content=\"Wie Sie kaufenBlack Spider\u200b Finden Sie Ihren n\u00e4chsten BLACK SPIDER BRANDS H\u00e4ndler! Produkte, die f\u00fcr den professionellen Markt konzipiert sind und \u00fcber ein gut strukturiertes und ausgew\u00e4hltes Vertriebsnetz vertrieben werden. Black Spider verkauft nicht direkt an Endkunden. Unsere Produkte werden \u00fcber ein Netzwerk von Partnerh\u00e4ndlern vertrieben, die aufgrund ihrer Kompetenz, Zuverl\u00e4ssigkeit und Marktkenntnis ausgew\u00e4hlt wurden. &hellip;\" \/>\n<meta property=\"og:url\" content=\"https:\/\/bs-brands.com\/de\/wie-sie-kaufen\/\" \/>\n<meta property=\"og:site_name\" content=\"Black Spider Brands\" \/>\n<meta property=\"article:modified_time\" content=\"2026-04-01T07:46:10+00:00\" \/>\n<meta name=\"twitter:card\" content=\"summary_large_image\" \/>\n<meta name=\"twitter:label1\" content=\"Gesch\u00e4tzte Lesezeit\" \/>\n\t<meta name=\"twitter:data1\" content=\"2\u00a0Minuten\" \/>\n<script type=\"application\/ld+json\" class=\"yoast-schema-graph\">{\"@context\":\"https:\/\/schema.org\",\"@graph\":[{\"@type\":\"WebPage\",\"@id\":\"https:\/\/bs-brands.com\/de\/wie-sie-kaufen\/\",\"url\":\"https:\/\/bs-brands.com\/de\/wie-sie-kaufen\/\",\"name\":\"Wie Sie kaufen - Black Spider Brands\",\"isPartOf\":{\"@id\":\"https:\/\/bs-brands.com\/de\/#website\"},\"datePublished\":\"2026-04-01T07:32:43+00:00\",\"dateModified\":\"2026-04-01T07:46:10+00:00\",\"breadcrumb\":{\"@id\":\"https:\/\/bs-brands.com\/de\/wie-sie-kaufen\/#breadcrumb\"},\"inLanguage\":\"de\",\"potentialAction\":[{\"@type\":\"ReadAction\",\"target\":[\"https:\/\/bs-brands.com\/de\/wie-sie-kaufen\/\"]}]},{\"@type\":\"BreadcrumbList\",\"@id\":\"https:\/\/bs-brands.com\/de\/wie-sie-kaufen\/#breadcrumb\",\"itemListElement\":[{\"@type\":\"ListItem\",\"position\":1,\"name\":\"Home\",\"item\":\"https:\/\/bs-brands.com\/de\/\"},{\"@type\":\"ListItem\",\"position\":2,\"name\":\"Wie Sie kaufen\"}]},{\"@type\":\"WebSite\",\"@id\":\"https:\/\/bs-brands.com\/de\/#website\",\"url\":\"https:\/\/bs-brands.com\/de\/\",\"name\":\"BS BRANDS\",\"description\":\"\",\"potentialAction\":[{\"@type\":\"SearchAction\",\"target\":{\"@type\":\"EntryPoint\",\"urlTemplate\":\"https:\/\/bs-brands.com\/de\/?s={search_term_string}\"},\"query-input\":{\"@type\":\"PropertyValueSpecification\",\"valueRequired\":true,\"valueName\":\"search_term_string\"}}],\"inLanguage\":\"de\"}]}<\/script>\n<!-- \/ Yoast SEO plugin. -->","yoast_head_json":{"title":"Wie Sie kaufen - Black Spider Brands","robots":{"index":"index","follow":"follow","max-snippet":"max-snippet:-1","max-image-preview":"max-image-preview:large","max-video-preview":"max-video-preview:-1"},"canonical":"https:\/\/bs-brands.com\/de\/wie-sie-kaufen\/","og_locale":"de_DE","og_type":"article","og_title":"Wie Sie kaufen - Black Spider Brands","og_description":"Wie Sie kaufenBlack Spider\u200b Finden Sie Ihren n\u00e4chsten BLACK SPIDER BRANDS H\u00e4ndler! Produkte, die f\u00fcr den professionellen Markt konzipiert sind und \u00fcber ein gut strukturiertes und ausgew\u00e4hltes Vertriebsnetz vertrieben werden. Black Spider verkauft nicht direkt an Endkunden. Unsere Produkte werden \u00fcber ein Netzwerk von Partnerh\u00e4ndlern vertrieben, die aufgrund ihrer Kompetenz, Zuverl\u00e4ssigkeit und Marktkenntnis ausgew\u00e4hlt wurden. &hellip;","og_url":"https:\/\/bs-brands.com\/de\/wie-sie-kaufen\/","og_site_name":"Black Spider Brands","article_modified_time":"2026-04-01T07:46:10+00:00","twitter_card":"summary_large_image","twitter_misc":{"Gesch\u00e4tzte Lesezeit":"2\u00a0Minuten"},"schema":{"@context":"https:\/\/schema.org","@graph":[{"@type":"WebPage","@id":"https:\/\/bs-brands.com\/de\/wie-sie-kaufen\/","url":"https:\/\/bs-brands.com\/de\/wie-sie-kaufen\/","name":"Wie Sie kaufen - Black Spider Brands","isPartOf":{"@id":"https:\/\/bs-brands.com\/de\/#website"},"datePublished":"2026-04-01T07:32:43+00:00","dateModified":"2026-04-01T07:46:10+00:00","breadcrumb":{"@id":"https:\/\/bs-brands.com\/de\/wie-sie-kaufen\/#breadcrumb"},"inLanguage":"de","potentialAction":[{"@type":"ReadAction","target":["https:\/\/bs-brands.com\/de\/wie-sie-kaufen\/"]}]},{"@type":"BreadcrumbList","@id":"https:\/\/bs-brands.com\/de\/wie-sie-kaufen\/#breadcrumb","itemListElement":[{"@type":"ListItem","position":1,"name":"Home","item":"https:\/\/bs-brands.com\/de\/"},{"@type":"ListItem","position":2,"name":"Wie Sie kaufen"}]},{"@type":"WebSite","@id":"https:\/\/bs-brands.com\/de\/#website","url":"https:\/\/bs-brands.com\/de\/","name":"BS BRANDS","description":"","potentialAction":[{"@type":"SearchAction","target":{"@type":"EntryPoint","urlTemplate":"https:\/\/bs-brands.com\/de\/?s={search_term_string}"},"query-input":{"@type":"PropertyValueSpecification","valueRequired":true,"valueName":"search_term_string"}}],"inLanguage":"de"}]}},"_links":{"self":[{"href":"https:\/\/bs-brands.com\/de\/wp-json\/wp\/v2\/pages\/1727067","targetHints":{"allow":["GET"]}}],"collection":[{"href":"https:\/\/bs-brands.com\/de\/wp-json\/wp\/v2\/pages"}],"about":[{"href":"https:\/\/bs-brands.com\/de\/wp-json\/wp\/v2\/types\/page"}],"author":[{"embeddable":true,"href":"https:\/\/bs-brands.com\/de\/wp-json\/wp\/v2\/users\/4"}],"replies":[{"embeddable":true,"href":"https:\/\/bs-brands.com\/de\/wp-json\/wp\/v2\/comments?post=1727067"}],"version-history":[{"count":1,"href":"https:\/\/bs-brands.com\/de\/wp-json\/wp\/v2\/pages\/1727067\/revisions"}],"predecessor-version":[{"id":1727068,"href":"https:\/\/bs-brands.com\/de\/wp-json\/wp\/v2\/pages\/1727067\/revisions\/1727068"}],"wp:attachment":[{"href":"https:\/\/bs-brands.com\/de\/wp-json\/wp\/v2\/media?parent=1727067"}],"curies":[{"name":"wp","href":"https:\/\/api.w.org\/{rel}","templated":true}]}}