{"id":1710038,"date":"2025-04-04T16:36:29","date_gmt":"2025-04-04T14:36:29","guid":{"rendered":"https:\/\/blackspider.dgcal-dev.it\/prodotto\/bs304\/"},"modified":"2025-04-30T11:19:31","modified_gmt":"2025-04-30T09:19:31","slug":"bs304","status":"publish","type":"product","link":"https:\/\/bs-brands.com\/de\/produkt\/bs304\/","title":{"rendered":"Berry"},"content":{"rendered":"","protected":false},"excerpt":{"rendered":"<p>80% Baumwolle, 20% Polyester. French-Terry-Kapuzenpullover mit Rei\u00dfverschluss, doppellagige Kapuze, Metall\u00f6sen, farblich abgestimmte Kordelz\u00fcge mit Metallspitze, K\u00e4ngurutaschen, Seitennahtkonstruktion, gerippter Bund und \u00c4rmelb\u00fcndchen.  Abrei\u00dfetikett. Obermaterial: 100% Baumwolle, Innen: 50% Baumwolle, 50% Polyester.<\/p>\n","protected":false},"featured_media":1671619,"template":"","meta":[],"pwb-brand":[2381],"product_cat":[3741],"product_tag":[5062],"class_list":{"0":"post-1710038","1":"product","2":"type-product","3":"status-publish","4":"has-post-thumbnail","6":"pwb-brand-black-spider","7":"product_cat-sweatshirts-de","8":"product_tag-sport-de","9":"pa_camac_busto-cuciture-laterali-de","10":"pa_camac_color_group-01_bianco","11":"pa_camac_color_group-02_grigio","12":"pa_camac_color_group-03_nero","13":"pa_camac_color_group-04_rosso","14":"pa_camac_color_group-05_blu","15":"pa_camac_color_group-06_royal-blu","16":"pa_camac_color_group-07_azzurro","17":"pa_camac_color_group-08_verde","18":"pa_camac_fit-regular-de","19":"pa_camac_genere-uomo-de","20":"pa_camac_maniche-setin-de","21":"pa_camac_tessuto-french-terry-de","22":"pa_colore-black","23":"pa_colore-grey-heather","24":"pa_colore-mineral-blue","25":"pa_colore-navy","26":"pa_colore-off-white","27":"pa_colore-red","28":"pa_colore-royal-blue","29":"pa_colore-sage","30":"pa_country_of_manufacture-pakistan-de","31":"pa_taglia-s-de","32":"pa_taglia-m-de","33":"pa_taglia-l-de","34":"pa_taglia-xl-de","35":"pa_taglia-xxl-de","37":"first","38":"instock","39":"shipping-taxable","40":"purchasable","41":"product-type-variable"},"yoast_head":"<!-- This site is optimized with the Yoast SEO plugin v25.6 - https:\/\/yoast.com\/wordpress\/plugins\/seo\/ -->\n<title>Berry - Black Spider Brands<\/title>\n<meta name=\"robots\" content=\"index, follow, max-snippet:-1, max-image-preview:large, max-video-preview:-1\" \/>\n<link rel=\"canonical\" href=\"https:\/\/bs-brands.com\/de\/produkt\/bs304\/\" \/>\n<meta property=\"og:locale\" content=\"de_DE\" \/>\n<meta property=\"og:type\" content=\"article\" \/>\n<meta property=\"og:title\" content=\"Berry - Black Spider Brands\" \/>\n<meta property=\"og:description\" content=\"80% Baumwolle, 20% Polyester. French-Terry-Kapuzenpullover mit Rei\u00dfverschluss, doppellagige Kapuze, Metall\u00f6sen, farblich abgestimmte Kordelz\u00fcge mit Metallspitze, K\u00e4ngurutaschen, Seitennahtkonstruktion, gerippter Bund und \u00c4rmelb\u00fcndchen. Abrei\u00dfetikett. Obermaterial: 100% Baumwolle, Innen: 50% Baumwolle, 50% Polyester.\" \/>\n<meta property=\"og:url\" content=\"https:\/\/bs-brands.com\/de\/produkt\/bs304\/\" \/>\n<meta property=\"og:site_name\" content=\"Black Spider Brands\" \/>\n<meta property=\"article:modified_time\" content=\"2025-04-30T09:19:31+00:00\" \/>\n<meta property=\"og:image\" content=\"https:\/\/media.action-wear.com\/media\/catalog\/product\/b\/s\/bs304-01.jpg?iswp=true\/&ignore=true&size=null\" \/>\n\t<meta property=\"og:image:width\" content=\"1200\" \/>\n\t<meta property=\"og:image:height\" content=\"1600\" \/>\n\t<meta property=\"og:image:type\" content=\"image\/png\" \/>\n<meta name=\"twitter:card\" content=\"summary_large_image\" \/>\n<script type=\"application\/ld+json\" class=\"yoast-schema-graph\">{\"@context\":\"https:\/\/schema.org\",\"@graph\":[{\"@type\":\"WebPage\",\"@id\":\"https:\/\/bs-brands.com\/de\/produkt\/bs304\/\",\"url\":\"https:\/\/bs-brands.com\/de\/produkt\/bs304\/\",\"name\":\"Berry - Black Spider Brands\",\"isPartOf\":{\"@id\":\"https:\/\/bs-brands.com\/de\/#website\"},\"primaryImageOfPage\":{\"@id\":\"https:\/\/bs-brands.com\/de\/produkt\/bs304\/#primaryimage\"},\"image\":{\"@id\":\"https:\/\/bs-brands.com\/de\/produkt\/bs304\/#primaryimage\"},\"thumbnailUrl\":\"https:\/\/media.action-wear.com\/media\/catalog\/product\/b\/s\/bs304-01.jpg?iswp=true\/&ignore=true&size=null\",\"datePublished\":\"2025-04-04T14:36:29+00:00\",\"dateModified\":\"2025-04-30T09:19:31+00:00\",\"breadcrumb\":{\"@id\":\"https:\/\/bs-brands.com\/de\/produkt\/bs304\/#breadcrumb\"},\"inLanguage\":\"de\",\"potentialAction\":[{\"@type\":\"ReadAction\",\"target\":[\"https:\/\/bs-brands.com\/de\/produkt\/bs304\/\"]}]},{\"@type\":\"ImageObject\",\"inLanguage\":\"de\",\"@id\":\"https:\/\/bs-brands.com\/de\/produkt\/bs304\/#primaryimage\",\"url\":\"https:\/\/media.action-wear.com\/media\/catalog\/product\/b\/s\/bs304-01.jpg?iswp=true\/&ignore=true&size=null\",\"contentUrl\":\"https:\/\/media.action-wear.com\/media\/catalog\/product\/b\/s\/bs304-01.jpg?iswp=true\/&ignore=true&size=null\",\"width\":1200,\"height\":1600},{\"@type\":\"BreadcrumbList\",\"@id\":\"https:\/\/bs-brands.com\/de\/produkt\/bs304\/#breadcrumb\",\"itemListElement\":[{\"@type\":\"ListItem\",\"position\":1,\"name\":\"Home\",\"item\":\"https:\/\/bs-brands.com\/de\/\"},{\"@type\":\"ListItem\",\"position\":2,\"name\":\"shop\",\"item\":\"https:\/\/bs-brands.com\/de\/Gesch\u00e4ft\/\"},{\"@type\":\"ListItem\",\"position\":3,\"name\":\"Berry\"}]},{\"@type\":\"WebSite\",\"@id\":\"https:\/\/bs-brands.com\/de\/#website\",\"url\":\"https:\/\/bs-brands.com\/de\/\",\"name\":\"BS BRANDS\",\"description\":\"\",\"potentialAction\":[{\"@type\":\"SearchAction\",\"target\":{\"@type\":\"EntryPoint\",\"urlTemplate\":\"https:\/\/bs-brands.com\/de\/?s={search_term_string}\"},\"query-input\":{\"@type\":\"PropertyValueSpecification\",\"valueRequired\":true,\"valueName\":\"search_term_string\"}}],\"inLanguage\":\"de\"}]}<\/script>\n<!-- \/ Yoast SEO plugin. -->","yoast_head_json":{"title":"Berry - Black Spider Brands","robots":{"index":"index","follow":"follow","max-snippet":"max-snippet:-1","max-image-preview":"max-image-preview:large","max-video-preview":"max-video-preview:-1"},"canonical":"https:\/\/bs-brands.com\/de\/produkt\/bs304\/","og_locale":"de_DE","og_type":"article","og_title":"Berry - Black Spider Brands","og_description":"80% Baumwolle, 20% Polyester. French-Terry-Kapuzenpullover mit Rei\u00dfverschluss, doppellagige Kapuze, Metall\u00f6sen, farblich abgestimmte Kordelz\u00fcge mit Metallspitze, K\u00e4ngurutaschen, Seitennahtkonstruktion, gerippter Bund und \u00c4rmelb\u00fcndchen. Abrei\u00dfetikett. Obermaterial: 100% Baumwolle, Innen: 50% Baumwolle, 50% Polyester.","og_url":"https:\/\/bs-brands.com\/de\/produkt\/bs304\/","og_site_name":"Black Spider Brands","article_modified_time":"2025-04-30T09:19:31+00:00","og_image":[{"width":1200,"height":1600,"url":"https:\/\/media.action-wear.com\/media\/catalog\/product\/b\/s\/bs304-01.jpg?iswp=true\/&ignore=true&size=null","type":"image\/png"}],"twitter_card":"summary_large_image","schema":{"@context":"https:\/\/schema.org","@graph":[{"@type":"WebPage","@id":"https:\/\/bs-brands.com\/de\/produkt\/bs304\/","url":"https:\/\/bs-brands.com\/de\/produkt\/bs304\/","name":"Berry - Black Spider Brands","isPartOf":{"@id":"https:\/\/bs-brands.com\/de\/#website"},"primaryImageOfPage":{"@id":"https:\/\/bs-brands.com\/de\/produkt\/bs304\/#primaryimage"},"image":{"@id":"https:\/\/bs-brands.com\/de\/produkt\/bs304\/#primaryimage"},"thumbnailUrl":"https:\/\/media.action-wear.com\/media\/catalog\/product\/b\/s\/bs304-01.jpg?iswp=true\/&ignore=true&size=null","datePublished":"2025-04-04T14:36:29+00:00","dateModified":"2025-04-30T09:19:31+00:00","breadcrumb":{"@id":"https:\/\/bs-brands.com\/de\/produkt\/bs304\/#breadcrumb"},"inLanguage":"de","potentialAction":[{"@type":"ReadAction","target":["https:\/\/bs-brands.com\/de\/produkt\/bs304\/"]}]},{"@type":"ImageObject","inLanguage":"de","@id":"https:\/\/bs-brands.com\/de\/produkt\/bs304\/#primaryimage","url":"https:\/\/media.action-wear.com\/media\/catalog\/product\/b\/s\/bs304-01.jpg?iswp=true\/&ignore=true&size=null","contentUrl":"https:\/\/media.action-wear.com\/media\/catalog\/product\/b\/s\/bs304-01.jpg?iswp=true\/&ignore=true&size=null","width":1200,"height":1600},{"@type":"BreadcrumbList","@id":"https:\/\/bs-brands.com\/de\/produkt\/bs304\/#breadcrumb","itemListElement":[{"@type":"ListItem","position":1,"name":"Home","item":"https:\/\/bs-brands.com\/de\/"},{"@type":"ListItem","position":2,"name":"shop","item":"https:\/\/bs-brands.com\/de\/Gesch\u00e4ft\/"},{"@type":"ListItem","position":3,"name":"Berry"}]},{"@type":"WebSite","@id":"https:\/\/bs-brands.com\/de\/#website","url":"https:\/\/bs-brands.com\/de\/","name":"BS BRANDS","description":"","potentialAction":[{"@type":"SearchAction","target":{"@type":"EntryPoint","urlTemplate":"https:\/\/bs-brands.com\/de\/?s={search_term_string}"},"query-input":{"@type":"PropertyValueSpecification","valueRequired":true,"valueName":"search_term_string"}}],"inLanguage":"de"}]}},"brands":[{"id":2381,"name":"Black Spider","slug":"black-spider"}],"_links":{"self":[{"href":"https:\/\/bs-brands.com\/de\/wp-json\/wp\/v2\/product\/1710038","targetHints":{"allow":["GET"]}}],"collection":[{"href":"https:\/\/bs-brands.com\/de\/wp-json\/wp\/v2\/product"}],"about":[{"href":"https:\/\/bs-brands.com\/de\/wp-json\/wp\/v2\/types\/product"}],"wp:featuredmedia":[{"embeddable":true,"href":"https:\/\/bs-brands.com\/de\/wp-json\/wp\/v2\/media\/1671619"}],"wp:attachment":[{"href":"https:\/\/bs-brands.com\/de\/wp-json\/wp\/v2\/media?parent=1710038"}],"wp:term":[{"taxonomy":"pwb-brand","embeddable":true,"href":"https:\/\/bs-brands.com\/de\/wp-json\/wp\/v2\/pwb-brand?post=1710038"},{"taxonomy":"product_cat","embeddable":true,"href":"https:\/\/bs-brands.com\/de\/wp-json\/wp\/v2\/product_cat?post=1710038"},{"taxonomy":"product_tag","embeddable":true,"href":"https:\/\/bs-brands.com\/de\/wp-json\/wp\/v2\/product_tag?post=1710038"}],"curies":[{"name":"wp","href":"https:\/\/api.w.org\/{rel}","templated":true}]}}