{"id":1715760,"date":"2025-04-06T17:29:23","date_gmt":"2025-04-06T15:29:23","guid":{"rendered":"https:\/\/blackspider.dgcal-dev.it\/prodotto\/bs010\/"},"modified":"2025-04-10T10:57:42","modified_gmt":"2025-04-10T08:57:42","slug":"bs010","status":"publish","type":"product","link":"https:\/\/bs-brands.com\/de\/produkt\/bs010\/","title":{"rendered":"Evolution T-shirt"},"content":{"rendered":"","protected":false},"excerpt":{"rendered":"<p>100% Baumwolle. Kurz\u00e4rmeliges T-Shirt, ringgesponnener Single-Jersey-Stoff, niedriger Kragen mit Doppeln\u00e4hten, Schwei\u00dfband, r\u00f6hrenf\u00f6rmige Bruststruktur. Abrei\u00dfetikett. Zusammensetzung: Grau meliert: 85% Kinderbett. 15% visc. Sicherheit Orange &#8211; Sicherheitsgelb: 80% Pol. 20% Kinderbett<\/p>\n","protected":false},"featured_media":1668097,"template":"","meta":[],"pwb-brand":[2381],"product_cat":[3748],"product_tag":[],"class_list":{"0":"post-1715760","1":"product","2":"type-product","3":"status-publish","4":"has-post-thumbnail","6":"pwb-brand-black-spider","7":"product_cat-t-shirt-de","8":"pa_camac_busto-tubolare-de","9":"pa_camac_collo-girocollo-de","10":"pa_camac_color_group-01_bianco","11":"pa_camac_color_group-02_grigio","12":"pa_camac_color_group-03_nero","13":"pa_camac_color_group-04_rosso","14":"pa_camac_color_group-05_blu","15":"pa_camac_color_group-06_royal-blu","16":"pa_camac_color_group-07_azzurro","17":"pa_camac_color_group-08_verde","18":"pa_camac_color_group-11_marrone","19":"pa_camac_color_group-12_arancione","20":"pa_camac_color_group-13_giallo","21":"pa_camac_color_group-14_rosa","22":"pa_camac_color_group-15_viola","23":"pa_camac_color_group-16_bordeaux","24":"pa_camac_fit-regular-de","25":"pa_camac_genere-uomo-de","26":"pa_camac_genere-unisex-de","27":"pa_camac_maniche-setin-de","28":"pa_camac_tessuto-jersey-de","29":"pa_colore-anthracite","30":"pa_colore-black","31":"pa_colore-burgundy","32":"pa_colore-chocolate","33":"pa_colore-denim","34":"pa_colore-forest-green","35":"pa_colore-fuchsia","36":"pa_colore-gold","37":"pa_colore-grey-heather","38":"pa_colore-kelly-green","39":"pa_colore-lime","40":"pa_colore-mineral-blue","41":"pa_colore-navy","42":"pa_colore-off-white","43":"pa_colore-olive","44":"pa_colore-orange","45":"pa_colore-purple","46":"pa_colore-red","47":"pa_colore-royal-blue","48":"pa_colore-safety-orange","49":"pa_colore-safety-yellow","50":"pa_colore-sage","51":"pa_colore-sea-breeze","52":"pa_colore-sky","53":"pa_colore-sprint-rose","54":"pa_colore-turquoise","55":"pa_colore-white","56":"pa_colore-zinc","57":"pa_country_of_manufacture-bangladesh-de","58":"pa_taglia-xs-de","59":"pa_taglia-s-de","60":"pa_taglia-m-de","61":"pa_taglia-l-de","62":"pa_taglia-xl-de","63":"pa_taglia-xxl-de","64":"pa_taglia-3xl-de","65":"pa_taglia-4xl-de","66":"pa_taglia-5xl-de","68":"first","69":"instock","70":"shipping-taxable","71":"purchasable","72":"product-type-variable"},"yoast_head":"<!-- This site is optimized with the Yoast SEO plugin v25.6 - https:\/\/yoast.com\/wordpress\/plugins\/seo\/ -->\n<title>Evolution T-shirt - Black Spider Brands<\/title>\n<meta name=\"robots\" content=\"index, follow, max-snippet:-1, max-image-preview:large, max-video-preview:-1\" \/>\n<link rel=\"canonical\" href=\"https:\/\/bs-brands.com\/de\/produkt\/bs010\/\" \/>\n<meta property=\"og:locale\" content=\"de_DE\" \/>\n<meta property=\"og:type\" content=\"article\" \/>\n<meta property=\"og:title\" content=\"Evolution T-shirt - Black Spider Brands\" \/>\n<meta property=\"og:description\" content=\"100% Baumwolle. Kurz\u00e4rmeliges T-Shirt, ringgesponnener Single-Jersey-Stoff, niedriger Kragen mit Doppeln\u00e4hten, Schwei\u00dfband, r\u00f6hrenf\u00f6rmige Bruststruktur. Abrei\u00dfetikett. Zusammensetzung: Grau meliert: 85% Kinderbett. 15% visc. Sicherheit Orange - Sicherheitsgelb: 80% Pol. 20% Kinderbett\" \/>\n<meta property=\"og:url\" content=\"https:\/\/bs-brands.com\/de\/produkt\/bs010\/\" \/>\n<meta property=\"og:site_name\" content=\"Black Spider Brands\" \/>\n<meta property=\"article:modified_time\" content=\"2025-04-10T08:57:42+00:00\" \/>\n<meta property=\"og:image\" content=\"https:\/\/media.action-wear.com\/media\/catalog\/product\/b\/s\/bs010-01.jpg?iswp=true\/&ignore=true&size=null\" \/>\n\t<meta property=\"og:image:width\" content=\"1200\" \/>\n\t<meta property=\"og:image:height\" content=\"1600\" \/>\n\t<meta property=\"og:image:type\" content=\"image\/png\" \/>\n<meta name=\"twitter:card\" content=\"summary_large_image\" \/>\n<script type=\"application\/ld+json\" class=\"yoast-schema-graph\">{\"@context\":\"https:\/\/schema.org\",\"@graph\":[{\"@type\":\"WebPage\",\"@id\":\"https:\/\/bs-brands.com\/de\/produkt\/bs010\/\",\"url\":\"https:\/\/bs-brands.com\/de\/produkt\/bs010\/\",\"name\":\"Evolution T-shirt - Black Spider Brands\",\"isPartOf\":{\"@id\":\"https:\/\/bs-brands.com\/de\/#website\"},\"primaryImageOfPage\":{\"@id\":\"https:\/\/bs-brands.com\/de\/produkt\/bs010\/#primaryimage\"},\"image\":{\"@id\":\"https:\/\/bs-brands.com\/de\/produkt\/bs010\/#primaryimage\"},\"thumbnailUrl\":\"https:\/\/media.action-wear.com\/media\/catalog\/product\/b\/s\/bs010-01.jpg?iswp=true\/&ignore=true&size=null\",\"datePublished\":\"2025-04-06T15:29:23+00:00\",\"dateModified\":\"2025-04-10T08:57:42+00:00\",\"breadcrumb\":{\"@id\":\"https:\/\/bs-brands.com\/de\/produkt\/bs010\/#breadcrumb\"},\"inLanguage\":\"de\",\"potentialAction\":[{\"@type\":\"ReadAction\",\"target\":[\"https:\/\/bs-brands.com\/de\/produkt\/bs010\/\"]}]},{\"@type\":\"ImageObject\",\"inLanguage\":\"de\",\"@id\":\"https:\/\/bs-brands.com\/de\/produkt\/bs010\/#primaryimage\",\"url\":\"https:\/\/media.action-wear.com\/media\/catalog\/product\/b\/s\/bs010-01.jpg?iswp=true\/&ignore=true&size=null\",\"contentUrl\":\"https:\/\/media.action-wear.com\/media\/catalog\/product\/b\/s\/bs010-01.jpg?iswp=true\/&ignore=true&size=null\",\"width\":1200,\"height\":1600},{\"@type\":\"BreadcrumbList\",\"@id\":\"https:\/\/bs-brands.com\/de\/produkt\/bs010\/#breadcrumb\",\"itemListElement\":[{\"@type\":\"ListItem\",\"position\":1,\"name\":\"Home\",\"item\":\"https:\/\/bs-brands.com\/de\/\"},{\"@type\":\"ListItem\",\"position\":2,\"name\":\"shop\",\"item\":\"https:\/\/bs-brands.com\/de\/Gesch\u00e4ft\/\"},{\"@type\":\"ListItem\",\"position\":3,\"name\":\"Evolution T-shirt\"}]},{\"@type\":\"WebSite\",\"@id\":\"https:\/\/bs-brands.com\/de\/#website\",\"url\":\"https:\/\/bs-brands.com\/de\/\",\"name\":\"BS BRANDS\",\"description\":\"\",\"potentialAction\":[{\"@type\":\"SearchAction\",\"target\":{\"@type\":\"EntryPoint\",\"urlTemplate\":\"https:\/\/bs-brands.com\/de\/?s={search_term_string}\"},\"query-input\":{\"@type\":\"PropertyValueSpecification\",\"valueRequired\":true,\"valueName\":\"search_term_string\"}}],\"inLanguage\":\"de\"}]}<\/script>\n<!-- \/ Yoast SEO plugin. -->","yoast_head_json":{"title":"Evolution T-shirt - Black Spider Brands","robots":{"index":"index","follow":"follow","max-snippet":"max-snippet:-1","max-image-preview":"max-image-preview:large","max-video-preview":"max-video-preview:-1"},"canonical":"https:\/\/bs-brands.com\/de\/produkt\/bs010\/","og_locale":"de_DE","og_type":"article","og_title":"Evolution T-shirt - Black Spider Brands","og_description":"100% Baumwolle. Kurz\u00e4rmeliges T-Shirt, ringgesponnener Single-Jersey-Stoff, niedriger Kragen mit Doppeln\u00e4hten, Schwei\u00dfband, r\u00f6hrenf\u00f6rmige Bruststruktur. Abrei\u00dfetikett. Zusammensetzung: Grau meliert: 85% Kinderbett. 15% visc. Sicherheit Orange - Sicherheitsgelb: 80% Pol. 20% Kinderbett","og_url":"https:\/\/bs-brands.com\/de\/produkt\/bs010\/","og_site_name":"Black Spider Brands","article_modified_time":"2025-04-10T08:57:42+00:00","og_image":[{"width":1200,"height":1600,"url":"https:\/\/media.action-wear.com\/media\/catalog\/product\/b\/s\/bs010-01.jpg?iswp=true\/&ignore=true&size=null","type":"image\/png"}],"twitter_card":"summary_large_image","schema":{"@context":"https:\/\/schema.org","@graph":[{"@type":"WebPage","@id":"https:\/\/bs-brands.com\/de\/produkt\/bs010\/","url":"https:\/\/bs-brands.com\/de\/produkt\/bs010\/","name":"Evolution T-shirt - Black Spider Brands","isPartOf":{"@id":"https:\/\/bs-brands.com\/de\/#website"},"primaryImageOfPage":{"@id":"https:\/\/bs-brands.com\/de\/produkt\/bs010\/#primaryimage"},"image":{"@id":"https:\/\/bs-brands.com\/de\/produkt\/bs010\/#primaryimage"},"thumbnailUrl":"https:\/\/media.action-wear.com\/media\/catalog\/product\/b\/s\/bs010-01.jpg?iswp=true\/&ignore=true&size=null","datePublished":"2025-04-06T15:29:23+00:00","dateModified":"2025-04-10T08:57:42+00:00","breadcrumb":{"@id":"https:\/\/bs-brands.com\/de\/produkt\/bs010\/#breadcrumb"},"inLanguage":"de","potentialAction":[{"@type":"ReadAction","target":["https:\/\/bs-brands.com\/de\/produkt\/bs010\/"]}]},{"@type":"ImageObject","inLanguage":"de","@id":"https:\/\/bs-brands.com\/de\/produkt\/bs010\/#primaryimage","url":"https:\/\/media.action-wear.com\/media\/catalog\/product\/b\/s\/bs010-01.jpg?iswp=true\/&ignore=true&size=null","contentUrl":"https:\/\/media.action-wear.com\/media\/catalog\/product\/b\/s\/bs010-01.jpg?iswp=true\/&ignore=true&size=null","width":1200,"height":1600},{"@type":"BreadcrumbList","@id":"https:\/\/bs-brands.com\/de\/produkt\/bs010\/#breadcrumb","itemListElement":[{"@type":"ListItem","position":1,"name":"Home","item":"https:\/\/bs-brands.com\/de\/"},{"@type":"ListItem","position":2,"name":"shop","item":"https:\/\/bs-brands.com\/de\/Gesch\u00e4ft\/"},{"@type":"ListItem","position":3,"name":"Evolution T-shirt"}]},{"@type":"WebSite","@id":"https:\/\/bs-brands.com\/de\/#website","url":"https:\/\/bs-brands.com\/de\/","name":"BS BRANDS","description":"","potentialAction":[{"@type":"SearchAction","target":{"@type":"EntryPoint","urlTemplate":"https:\/\/bs-brands.com\/de\/?s={search_term_string}"},"query-input":{"@type":"PropertyValueSpecification","valueRequired":true,"valueName":"search_term_string"}}],"inLanguage":"de"}]}},"brands":[{"id":2381,"name":"Black Spider","slug":"black-spider"}],"_links":{"self":[{"href":"https:\/\/bs-brands.com\/de\/wp-json\/wp\/v2\/product\/1715760","targetHints":{"allow":["GET"]}}],"collection":[{"href":"https:\/\/bs-brands.com\/de\/wp-json\/wp\/v2\/product"}],"about":[{"href":"https:\/\/bs-brands.com\/de\/wp-json\/wp\/v2\/types\/product"}],"wp:featuredmedia":[{"embeddable":true,"href":"https:\/\/bs-brands.com\/de\/wp-json\/wp\/v2\/media\/1668097"}],"wp:attachment":[{"href":"https:\/\/bs-brands.com\/de\/wp-json\/wp\/v2\/media?parent=1715760"}],"wp:term":[{"taxonomy":"pwb-brand","embeddable":true,"href":"https:\/\/bs-brands.com\/de\/wp-json\/wp\/v2\/pwb-brand?post=1715760"},{"taxonomy":"product_cat","embeddable":true,"href":"https:\/\/bs-brands.com\/de\/wp-json\/wp\/v2\/product_cat?post=1715760"},{"taxonomy":"product_tag","embeddable":true,"href":"https:\/\/bs-brands.com\/de\/wp-json\/wp\/v2\/product_tag?post=1715760"}],"curies":[{"name":"wp","href":"https:\/\/api.w.org\/{rel}","templated":true}]}}