{"id":1727069,"date":"2026-04-01T09:32:43","date_gmt":"2026-04-01T07:32:43","guid":{"rendered":"https:\/\/bs-brands.com\/como-comprar\/"},"modified":"2026-04-01T09:46:30","modified_gmt":"2026-04-01T07:46:30","slug":"como-comprar","status":"publish","type":"page","link":"https:\/\/bs-brands.com\/es\/como-comprar\/","title":{"rendered":"C\u00f3mo comprar"},"content":{"rendered":"\t\t<div data-elementor-type=\"wp-page\" data-elementor-id=\"1727069\" class=\"elementor elementor-1727069 elementor-1727059\" data-elementor-post-type=\"page\">\n\t\t\t\t\t\t<section class=\"elementor-section elementor-top-section elementor-element elementor-element-9340f67 elementor-hidden-desktop elementor-hidden-mobile elementor-section-boxed elementor-section-height-default elementor-section-height-default\" data-id=\"9340f67\" data-element_type=\"section\">\n\t\t\t\t\t\t<div class=\"elementor-container elementor-column-gap-default\">\n\t\t\t\t\t<div class=\"elementor-column elementor-col-100 elementor-top-column elementor-element elementor-element-abe2cca\" data-id=\"abe2cca\" data-element_type=\"column\">\n\t\t\t<div class=\"elementor-widget-wrap elementor-element-populated\">\n\t\t\t\t\t\t<div class=\"elementor-element elementor-element-530fccd elementor-widget elementor-widget-heading\" data-id=\"530fccd\" data-element_type=\"widget\" data-widget_type=\"heading.default\">\n\t\t\t\t<div class=\"elementor-widget-container\">\n\t\t\t\t\t<h2 class=\"elementor-heading-title elementor-size-default\">C\u00f3mo comprar<br>Black Spider\n<\/h2>\t\t\t\t<\/div>\n\t\t\t\t<\/div>\n\t\t\t\t\t<\/div>\n\t\t<\/div>\n\t\t\t\t\t<\/div>\n\t\t<\/section>\n\t\t\t\t<section class=\"elementor-section elementor-top-section elementor-element elementor-element-4f8c822 elementor-hidden-tablet elementor-section-boxed elementor-section-height-default elementor-section-height-default\" data-id=\"4f8c822\" data-element_type=\"section\">\n\t\t\t\t\t\t<div class=\"elementor-container elementor-column-gap-default\">\n\t\t\t\t\t<div class=\"elementor-column elementor-col-100 elementor-top-column elementor-element elementor-element-c1f68a9\" data-id=\"c1f68a9\" data-element_type=\"column\">\n\t\t\t<div class=\"elementor-widget-wrap elementor-element-populated\">\n\t\t\t\t\t\t<div class=\"elementor-element elementor-element-4e13a18 elementor-widget elementor-widget-heading\" data-id=\"4e13a18\" data-element_type=\"widget\" data-widget_type=\"heading.default\">\n\t\t\t\t<div class=\"elementor-widget-container\">\n\t\t\t\t\t<h2 class=\"elementor-heading-title elementor-size-default\">C\u00d3MO COMPRAR EN BLACK SPIDER<\/h2>\t\t\t\t<\/div>\n\t\t\t\t<\/div>\n\t\t\t\t<section class=\"elementor-section elementor-inner-section elementor-element elementor-element-4b7c1fc elementor-section-boxed elementor-section-height-default elementor-section-height-default\" data-id=\"4b7c1fc\" data-element_type=\"section\">\n\t\t\t\t\t\t<div class=\"elementor-container elementor-column-gap-default\">\n\t\t\t\t\t<div class=\"elementor-column elementor-col-100 elementor-inner-column elementor-element elementor-element-d63cca6\" data-id=\"d63cca6\" data-element_type=\"column\">\n\t\t\t<div class=\"elementor-widget-wrap elementor-element-populated\">\n\t\t\t\t\t\t<div class=\"elementor-element elementor-element-04b5539 elementor-widget__width-initial elementor-widget elementor-widget-text-editor\" data-id=\"04b5539\" data-element_type=\"widget\" data-widget_type=\"text-editor.default\">\n\t\t\t\t<div class=\"elementor-widget-container\">\n\t\t\t\t\t\t\t\t\t<h6>Prendas dise\u00f1adas para el mercado profesional, distribuidas a trav\u00e9s de una red estructurada y seleccionada.<\/h6>\n\t\t\t\t\t\t\t\t<\/div>\n\t\t\t\t<\/div>\n\t\t\t\t\t<\/div>\n\t\t<\/div>\n\t\t\t\t\t<\/div>\n\t\t<\/section>\n\t\t\t\t\t<\/div>\n\t\t<\/div>\n\t\t\t\t\t<\/div>\n\t\t<\/section>\n\t\t\t\t<section class=\"elementor-section elementor-top-section elementor-element elementor-element-d27445e elementor-hidden-tablet elementor-section-boxed elementor-section-height-default elementor-section-height-default\" data-id=\"d27445e\" data-element_type=\"section\">\n\t\t\t\t\t\t<div class=\"elementor-container elementor-column-gap-default\">\n\t\t\t\t\t<div class=\"elementor-column elementor-col-100 elementor-top-column elementor-element elementor-element-649824b\" data-id=\"649824b\" data-element_type=\"column\">\n\t\t\t<div class=\"elementor-widget-wrap elementor-element-populated\">\n\t\t\t\t\t\t<section class=\"elementor-section elementor-inner-section elementor-element elementor-element-57fb01b elementor-section-boxed elementor-section-height-default elementor-section-height-default\" data-id=\"57fb01b\" data-element_type=\"section\">\n\t\t\t\t\t\t<div class=\"elementor-container elementor-column-gap-default\">\n\t\t\t\t\t<div class=\"elementor-column elementor-col-100 elementor-inner-column elementor-element elementor-element-bd9c396\" data-id=\"bd9c396\" data-element_type=\"column\">\n\t\t\t<div class=\"elementor-widget-wrap elementor-element-populated\">\n\t\t\t\t\t\t<div class=\"elementor-element elementor-element-b4ea7f5 elementor-widget__width-initial elementor-widget elementor-widget-text-editor\" data-id=\"b4ea7f5\" data-element_type=\"widget\" data-widget_type=\"text-editor.default\">\n\t\t\t\t<div class=\"elementor-widget-container\">\n\t\t\t\t\t\t\t\t\t<p>Black Spider no vende directamente al p\u00fablico.<\/p>\n<p><b>Nuestros productos se distribuyen a trav\u00e9s de una red de distribuidores asociados<\/b>, seleccionados por su competencia, fiabilidad y conocimiento del mercado.<\/p>\n<p>Este modelo nos permite garantizar:<\/p>\n<ul>\n<li>asesoramiento correcto<\/li>\n<li>personalizaci\u00f3n gestionada por profesionales<\/li>\n<li>continuidad en el tiempo<\/li>\n<li>respeto de los canales de venta<\/li>\n<\/ul>\n<p>Seg\u00fan qui\u00e9n seas y qu\u00e9 necesites realizar, <b>te dirigimos hacia el socio m\u00e1s adecuado<\/b>.<\/p>\n\t\t\t\t\t\t\t\t<\/div>\n\t\t\t\t<\/div>\n\t\t\t\t\t<\/div>\n\t\t<\/div>\n\t\t\t\t\t<\/div>\n\t\t<\/section>\n\t\t\t\t\t<\/div>\n\t\t<\/div>\n\t\t\t\t\t<\/div>\n\t\t<\/section>\n\t\t\t\t<section class=\"elementor-section elementor-top-section elementor-element elementor-element-adcb524 elementor-hidden-tablet elementor-section-boxed elementor-section-height-default elementor-section-height-default\" data-id=\"adcb524\" data-element_type=\"section\" data-settings=\"{&quot;background_background&quot;:&quot;classic&quot;}\">\n\t\t\t\t\t\t<div class=\"elementor-container elementor-column-gap-default\">\n\t\t\t\t\t<div class=\"elementor-column elementor-col-100 elementor-top-column elementor-element elementor-element-abff362\" data-id=\"abff362\" data-element_type=\"column\">\n\t\t\t<div class=\"elementor-widget-wrap elementor-element-populated\">\n\t\t\t\t\t\t<div class=\"elementor-element elementor-element-8d3e52a elementor-widget elementor-widget-heading\" data-id=\"8d3e52a\" data-element_type=\"widget\" data-widget_type=\"heading.default\">\n\t\t\t\t<div class=\"elementor-widget-container\">\n\t\t\t\t\t<h2 class=\"elementor-heading-title elementor-size-default\">Una red europea, m\u00e1s caminos<\/h2>\t\t\t\t<\/div>\n\t\t\t\t<\/div>\n\t\t\t\t<section class=\"elementor-section elementor-inner-section elementor-element elementor-element-3d8e30c elementor-section-boxed elementor-section-height-default elementor-section-height-default\" data-id=\"3d8e30c\" data-element_type=\"section\">\n\t\t\t\t\t\t<div class=\"elementor-container elementor-column-gap-default\">\n\t\t\t\t\t<div class=\"elementor-column elementor-col-100 elementor-inner-column elementor-element elementor-element-c086d1e\" data-id=\"c086d1e\" data-element_type=\"column\">\n\t\t\t<div class=\"elementor-widget-wrap elementor-element-populated\">\n\t\t\t\t\t\t<div class=\"elementor-element elementor-element-c722ba7 elementor-widget__width-initial elementor-widget elementor-widget-text-editor\" data-id=\"c722ba7\" data-element_type=\"widget\" data-widget_type=\"text-editor.default\">\n\t\t\t\t<div class=\"elementor-widget-container\">\n\t\t\t\t\t\t\t\t\t<p>Una red europea, m\u00e1s caminos<\/p>\n<p>Black Spider se distribuye a trav\u00e9s de una red de distribuidores y socios activos en toda Europa.<br \/>Cada socio opera en su propio mercado, pero con los mismos est\u00e1ndares de producto, servicio y fiabilidad.<\/p>\n<p>Seg\u00fan qui\u00e9n seas y lo que necesites realizar, el recorrido cambia.<\/p>\n\t\t\t\t\t\t\t\t<\/div>\n\t\t\t\t<\/div>\n\t\t\t\t\t<\/div>\n\t\t<\/div>\n\t\t\t\t\t<\/div>\n\t\t<\/section>\n\t\t\t\t<section class=\"elementor-section elementor-inner-section elementor-element elementor-element-c9b144d elementor-section-boxed elementor-section-height-default elementor-section-height-default\" data-id=\"c9b144d\" data-element_type=\"section\">\n\t\t\t\t\t\t<div class=\"elementor-container elementor-column-gap-default\">\n\t\t\t\t\t<div class=\"elementor-column elementor-col-33 elementor-inner-column elementor-element elementor-element-ce2f98a\" data-id=\"ce2f98a\" data-element_type=\"column\">\n\t\t\t<div class=\"elementor-widget-wrap elementor-element-populated\">\n\t\t\t\t\t\t<div class=\"elementor-element elementor-element-cb41fb8 elementor-cta--layout-image-above elementor-cta--skin-classic elementor-animated-content elementor-bg-transform elementor-bg-transform-zoom-in elementor-widget elementor-widget-call-to-action\" data-id=\"cb41fb8\" data-element_type=\"widget\" data-widget_type=\"call-to-action.default\">\n\t\t\t\t<div class=\"elementor-widget-container\">\n\t\t\t\t\t\t\t<a class=\"elementor-cta\" href=\"https:\/\/bs-brands.com\/come-acquistare\/aziende\/\">\n\t\t\t\t\t<div class=\"elementor-cta__bg-wrapper\">\n\t\t\t\t<div class=\"elementor-cta__bg elementor-bg\" style=\"background-image: url(https:\/\/bs-brands.com\/wp-content\/uploads\/2026\/02\/blocco1-2.jpg);\" role=\"img\" aria-label=\"blocco1\"><\/div>\n\t\t\t\t<div class=\"elementor-cta__bg-overlay\"><\/div>\n\t\t\t<\/div>\n\t\t\t\t\t\t\t<div class=\"elementor-cta__content\">\n\t\t\t\t\n\t\t\t\t\t\t\t\t\t<h4 class=\"elementor-cta__title elementor-cta__content-item elementor-content-item\">\n\t\t\t\t\t\tEmpresa, asociaci\u00f3n u organizaci\u00f3n\t\t\t\t\t<\/h4>\n\t\t\t\t\n\t\t\t\t\t\t\t\t\t<div class=\"elementor-cta__description elementor-cta__content-item elementor-content-item\">\n\t\t\t\t\t\t<p>Personaliza las prendas Black Spider para eventos, equipos, trabajo o promoci\u00f3n. Te dirigimos a un socio que gestiona asesoramiento, personalizaci\u00f3n y entrega.<\/p>\n\t\t\t\t\t<\/div>\n\t\t\t\t\n\t\t\t\t\t\t\t\t\t<div class=\"elementor-cta__button-wrapper elementor-cta__content-item elementor-content-item \">\n\t\t\t\t\t<span class=\"elementor-cta__button elementor-button elementor-size-\">\n\t\t\t\t\t\tEncuentra distribuidor adecuado\t\t\t\t\t<\/span>\n\t\t\t\t\t<\/div>\n\t\t\t\t\t\t\t<\/div>\n\t\t\t\t\t\t<\/a>\n\t\t\t\t\t\t<\/div>\n\t\t\t\t<\/div>\n\t\t\t\t\t<\/div>\n\t\t<\/div>\n\t\t\t\t<div class=\"elementor-column elementor-col-33 elementor-inner-column elementor-element elementor-element-4ec546b\" data-id=\"4ec546b\" data-element_type=\"column\">\n\t\t\t<div class=\"elementor-widget-wrap elementor-element-populated\">\n\t\t\t\t\t\t<div class=\"elementor-element elementor-element-2c08221 elementor-cta--skin-classic elementor-animated-content elementor-bg-transform elementor-bg-transform-zoom-in elementor-widget elementor-widget-call-to-action\" data-id=\"2c08221\" data-element_type=\"widget\" data-widget_type=\"call-to-action.default\">\n\t\t\t\t<div class=\"elementor-widget-container\">\n\t\t\t\t\t\t\t<a class=\"elementor-cta\" href=\"https:\/\/bs-brands.com\/come-acquistare\/creator\/\">\n\t\t\t\t\t<div class=\"elementor-cta__bg-wrapper\">\n\t\t\t\t<div class=\"elementor-cta__bg elementor-bg\" style=\"background-image: url(https:\/\/bs-brands.com\/wp-content\/uploads\/2026\/02\/blocco2.jpg);\" role=\"img\" aria-label=\"blocco2\"><\/div>\n\t\t\t\t<div class=\"elementor-cta__bg-overlay\"><\/div>\n\t\t\t<\/div>\n\t\t\t\t\t\t\t<div class=\"elementor-cta__content\">\n\t\t\t\t\n\t\t\t\t\t\t\t\t\t<h4 class=\"elementor-cta__title elementor-cta__content-item elementor-content-item\">\n\t\t\t\t\t\tMarca, creador o proyecto de colecci\u00f3n\t\t\t\t\t<\/h4>\n\t\t\t\t\n\t\t\t\t\t\t\t\t\t<div class=\"elementor-cta__description elementor-cta__content-item elementor-content-item\">\n\t\t\t\t\t\t<p>Desarrolla colecciones, c\u00e1psulas o proyectos desde las prendas Black Spider. Trabajas con socios acostumbrados a seguir el desarrollo del producto a lo largo del tiempo.<\/p>\n\t\t\t\t\t<\/div>\n\t\t\t\t\n\t\t\t\t\t\t\t\t\t<div class=\"elementor-cta__button-wrapper elementor-cta__content-item elementor-content-item \">\n\t\t\t\t\t<span class=\"elementor-cta__button elementor-button elementor-size-\">\n\t\t\t\t\t\tDesarrolla tu proyecto\t\t\t\t\t<\/span>\n\t\t\t\t\t<\/div>\n\t\t\t\t\t\t\t<\/div>\n\t\t\t\t\t\t<\/a>\n\t\t\t\t\t\t<\/div>\n\t\t\t\t<\/div>\n\t\t\t\t\t<\/div>\n\t\t<\/div>\n\t\t\t\t<div class=\"elementor-column elementor-col-33 elementor-inner-column elementor-element elementor-element-e9f9889\" data-id=\"e9f9889\" data-element_type=\"column\">\n\t\t\t<div class=\"elementor-widget-wrap elementor-element-populated\">\n\t\t\t\t\t\t<div class=\"elementor-element elementor-element-b7a67d3 elementor-cta--skin-classic elementor-animated-content elementor-bg-transform elementor-bg-transform-zoom-in elementor-widget elementor-widget-call-to-action\" data-id=\"b7a67d3\" data-element_type=\"widget\" data-widget_type=\"call-to-action.default\">\n\t\t\t\t<div class=\"elementor-widget-container\">\n\t\t\t\t\t\t\t<a class=\"elementor-cta\" href=\"https:\/\/bs-brands.com\/come-acquistare\/rivenditore\/\">\n\t\t\t\t\t<div class=\"elementor-cta__bg-wrapper\">\n\t\t\t\t<div class=\"elementor-cta__bg elementor-bg\" style=\"background-image: url(https:\/\/bs-brands.com\/wp-content\/uploads\/2026\/02\/blocco3.jpg);\" role=\"img\" aria-label=\"blocco3\"><\/div>\n\t\t\t\t<div class=\"elementor-cta__bg-overlay\"><\/div>\n\t\t\t<\/div>\n\t\t\t\t\t\t\t<div class=\"elementor-cta__content\">\n\t\t\t\t\n\t\t\t\t\t\t\t\t\t<h4 class=\"elementor-cta__title elementor-cta__content-item elementor-content-item\">\n\t\t\t\t\t\tProfesional del sector o revendedor\t\t\t\t\t<\/h4>\n\t\t\t\t\n\t\t\t\t\t\t\t\t\t<div class=\"elementor-cta__description elementor-cta__content-item elementor-content-item\">\n\t\t\t\t\t\t<p>Entra en la red Black Spider y trabaja con una gama completa, stock europeo y soporte dedicado.<br \/>\nUn modelo pensado para quienes realmente operan en el sector.<\/p>\n\t\t\t\t\t<\/div>\n\t\t\t\t\n\t\t\t\t\t\t\t\t\t<div class=\"elementor-cta__button-wrapper elementor-cta__content-item elementor-content-item \">\n\t\t\t\t\t<span class=\"elementor-cta__button elementor-button elementor-size-\">\n\t\t\t\t\t\tS\u00e9 socio de Black Spider\t\t\t\t\t<\/span>\n\t\t\t\t\t<\/div>\n\t\t\t\t\t\t\t<\/div>\n\t\t\t\t\t\t<\/a>\n\t\t\t\t\t\t<\/div>\n\t\t\t\t<\/div>\n\t\t\t\t\t<\/div>\n\t\t<\/div>\n\t\t\t\t\t<\/div>\n\t\t<\/section>\n\t\t\t\t\t<\/div>\n\t\t<\/div>\n\t\t\t\t\t<\/div>\n\t\t<\/section>\n\t\t\t\t<section class=\"elementor-section elementor-top-section elementor-element elementor-element-dd6d81c elementor-section-boxed elementor-section-height-default elementor-section-height-default\" data-id=\"dd6d81c\" data-element_type=\"section\">\n\t\t\t\t\t\t<div class=\"elementor-container elementor-column-gap-default\">\n\t\t\t\t\t<div class=\"elementor-column elementor-col-100 elementor-top-column elementor-element elementor-element-3fcec0a\" data-id=\"3fcec0a\" data-element_type=\"column\">\n\t\t\t<div class=\"elementor-widget-wrap elementor-element-populated\">\n\t\t\t\t\t\t<div class=\"elementor-element elementor-element-b735f80 elementor-widget elementor-widget-heading\" data-id=\"b735f80\" data-element_type=\"widget\" data-widget_type=\"heading.default\">\n\t\t\t\t<div class=\"elementor-widget-container\">\n\t\t\t\t\t<h2 class=\"elementor-heading-title elementor-size-default\">\u00bfNo sabes cu\u00e1l es el camino adecuado para ti?\n<\/h2>\t\t\t\t<\/div>\n\t\t\t\t<\/div>\n\t\t\t\t<section class=\"elementor-section elementor-inner-section elementor-element elementor-element-c7b8e28 elementor-section-boxed elementor-section-height-default elementor-section-height-default\" data-id=\"c7b8e28\" data-element_type=\"section\">\n\t\t\t\t\t\t<div class=\"elementor-container elementor-column-gap-default\">\n\t\t\t\t\t<div class=\"elementor-column elementor-col-100 elementor-inner-column elementor-element elementor-element-81235f2\" data-id=\"81235f2\" data-element_type=\"column\">\n\t\t\t<div class=\"elementor-widget-wrap elementor-element-populated\">\n\t\t\t\t\t\t<div class=\"elementor-element elementor-element-1c97ef4 elementor-widget__width-initial elementor-widget elementor-widget-text-editor\" data-id=\"1c97ef4\" data-element_type=\"widget\" data-widget_type=\"text-editor.default\">\n\t\t\t\t<div class=\"elementor-widget-container\">\n\t\t\t\t\t\t\t\t\t<p data-start=\"3735\" data-end=\"3824\">Cu\u00e9ntanos qui\u00e9n eres y qu\u00e9 necesitas realizar. Te dirigiremos hacia el partner de Black Spider m\u00e1s adecuado en tu pa\u00eds. <\/p>\n\t\t\t\t\t\t\t\t<\/div>\n\t\t\t\t<\/div>\n\t\t\t\t\t<\/div>\n\t\t<\/div>\n\t\t\t\t\t<\/div>\n\t\t<\/section>\n\t\t\t\t<section class=\"elementor-section elementor-inner-section elementor-element elementor-element-ae6c620 elementor-section-boxed elementor-section-height-default elementor-section-height-default\" data-id=\"ae6c620\" data-element_type=\"section\">\n\t\t\t\t\t\t<div class=\"elementor-container elementor-column-gap-default\">\n\t\t\t\t\t<div class=\"elementor-column elementor-col-50 elementor-inner-column elementor-element elementor-element-8877fff\" data-id=\"8877fff\" data-element_type=\"column\">\n\t\t\t<div class=\"elementor-widget-wrap elementor-element-populated\">\n\t\t\t\t\t\t<div class=\"elementor-element elementor-element-5069b9a elementor-widget elementor-widget-button\" data-id=\"5069b9a\" data-element_type=\"widget\" data-widget_type=\"button.default\">\n\t\t\t\t<div class=\"elementor-widget-container\">\n\t\t\t\t\t\t\t\t\t<div class=\"elementor-button-wrapper\">\n\t\t\t\t\t<a class=\"elementor-button elementor-button-link elementor-size-sm\" href=\"mailto:info@bs-brands.com?subject=Richiesta%20Black%20Spider\">\n\t\t\t\t\t\t<span class=\"elementor-button-content-wrapper\">\n\t\t\t\t\t\t\t\t\t<span class=\"elementor-button-text\">Cont\u00e1ctanos &gt;<\/span>\n\t\t\t\t\t<\/span>\n\t\t\t\t\t<\/a>\n\t\t\t\t<\/div>\n\t\t\t\t\t\t\t\t<\/div>\n\t\t\t\t<\/div>\n\t\t\t\t\t<\/div>\n\t\t<\/div>\n\t\t\t\t<div class=\"elementor-column elementor-col-50 elementor-inner-column elementor-element elementor-element-3178ab6\" data-id=\"3178ab6\" data-element_type=\"column\">\n\t\t\t<div class=\"elementor-widget-wrap\">\n\t\t\t\t\t\t\t<\/div>\n\t\t<\/div>\n\t\t\t\t\t<\/div>\n\t\t<\/section>\n\t\t\t\t\t<\/div>\n\t\t<\/div>\n\t\t\t\t\t<\/div>\n\t\t<\/section>\n\t\t\t\t<\/div>\n\t\t","protected":false},"excerpt":{"rendered":"<p>C\u00f3mo comprarBlack Spider C\u00d3MO COMPRAR EN BLACK SPIDER Prendas dise\u00f1adas para el mercado profesional, distribuidas a trav\u00e9s de una red estructurada y seleccionada. Black Spider no vende directamente al p\u00fablico. Nuestros productos se distribuyen a trav\u00e9s de una red de distribuidores asociados, seleccionados por su competencia, fiabilidad y conocimiento del mercado. Este modelo nos permite &hellip;<\/p>\n","protected":false},"author":4,"featured_media":0,"parent":0,"menu_order":0,"comment_status":"closed","ping_status":"closed","template":"","meta":{"footnotes":""},"class_list":["post-1727069","page","type-page","status-publish","hentry"],"yoast_head":"<!-- This site is optimized with the Yoast SEO plugin v25.6 - https:\/\/yoast.com\/wordpress\/plugins\/seo\/ -->\n<title>C\u00f3mo comprar - Black Spider Brands<\/title>\n<meta name=\"robots\" content=\"index, follow, max-snippet:-1, max-image-preview:large, max-video-preview:-1\" \/>\n<link rel=\"canonical\" href=\"https:\/\/bs-brands.com\/es\/como-comprar\/\" \/>\n<meta property=\"og:locale\" content=\"es_ES\" \/>\n<meta property=\"og:type\" content=\"article\" \/>\n<meta property=\"og:title\" content=\"C\u00f3mo comprar - Black Spider Brands\" \/>\n<meta property=\"og:description\" content=\"C\u00f3mo comprarBlack Spider C\u00d3MO COMPRAR EN BLACK SPIDER Prendas dise\u00f1adas para el mercado profesional, distribuidas a trav\u00e9s de una red estructurada y seleccionada. Black Spider no vende directamente al p\u00fablico. Nuestros productos se distribuyen a trav\u00e9s de una red de distribuidores asociados, seleccionados por su competencia, fiabilidad y conocimiento del mercado. Este modelo nos permite &hellip;\" \/>\n<meta property=\"og:url\" content=\"https:\/\/bs-brands.com\/es\/como-comprar\/\" \/>\n<meta property=\"og:site_name\" content=\"Black Spider Brands\" \/>\n<meta property=\"article:modified_time\" content=\"2026-04-01T07:46:30+00:00\" \/>\n<meta name=\"twitter:card\" content=\"summary_large_image\" \/>\n<meta name=\"twitter:label1\" content=\"Tiempo de lectura\" \/>\n\t<meta name=\"twitter:data1\" content=\"2 minutos\" \/>\n<script type=\"application\/ld+json\" class=\"yoast-schema-graph\">{\"@context\":\"https:\/\/schema.org\",\"@graph\":[{\"@type\":\"WebPage\",\"@id\":\"https:\/\/bs-brands.com\/es\/como-comprar\/\",\"url\":\"https:\/\/bs-brands.com\/es\/como-comprar\/\",\"name\":\"C\u00f3mo comprar - Black Spider Brands\",\"isPartOf\":{\"@id\":\"https:\/\/bs-brands.com\/es\/#website\"},\"datePublished\":\"2026-04-01T07:32:43+00:00\",\"dateModified\":\"2026-04-01T07:46:30+00:00\",\"breadcrumb\":{\"@id\":\"https:\/\/bs-brands.com\/es\/como-comprar\/#breadcrumb\"},\"inLanguage\":\"es\",\"potentialAction\":[{\"@type\":\"ReadAction\",\"target\":[\"https:\/\/bs-brands.com\/es\/como-comprar\/\"]}]},{\"@type\":\"BreadcrumbList\",\"@id\":\"https:\/\/bs-brands.com\/es\/como-comprar\/#breadcrumb\",\"itemListElement\":[{\"@type\":\"ListItem\",\"position\":1,\"name\":\"Home\",\"item\":\"https:\/\/bs-brands.com\/es\/\"},{\"@type\":\"ListItem\",\"position\":2,\"name\":\"C\u00f3mo comprar\"}]},{\"@type\":\"WebSite\",\"@id\":\"https:\/\/bs-brands.com\/es\/#website\",\"url\":\"https:\/\/bs-brands.com\/es\/\",\"name\":\"BS BRANDS\",\"description\":\"\",\"potentialAction\":[{\"@type\":\"SearchAction\",\"target\":{\"@type\":\"EntryPoint\",\"urlTemplate\":\"https:\/\/bs-brands.com\/es\/?s={search_term_string}\"},\"query-input\":{\"@type\":\"PropertyValueSpecification\",\"valueRequired\":true,\"valueName\":\"search_term_string\"}}],\"inLanguage\":\"es\"}]}<\/script>\n<!-- \/ Yoast SEO plugin. -->","yoast_head_json":{"title":"C\u00f3mo comprar - Black Spider Brands","robots":{"index":"index","follow":"follow","max-snippet":"max-snippet:-1","max-image-preview":"max-image-preview:large","max-video-preview":"max-video-preview:-1"},"canonical":"https:\/\/bs-brands.com\/es\/como-comprar\/","og_locale":"es_ES","og_type":"article","og_title":"C\u00f3mo comprar - Black Spider Brands","og_description":"C\u00f3mo comprarBlack Spider C\u00d3MO COMPRAR EN BLACK SPIDER Prendas dise\u00f1adas para el mercado profesional, distribuidas a trav\u00e9s de una red estructurada y seleccionada. Black Spider no vende directamente al p\u00fablico. Nuestros productos se distribuyen a trav\u00e9s de una red de distribuidores asociados, seleccionados por su competencia, fiabilidad y conocimiento del mercado. Este modelo nos permite &hellip;","og_url":"https:\/\/bs-brands.com\/es\/como-comprar\/","og_site_name":"Black Spider Brands","article_modified_time":"2026-04-01T07:46:30+00:00","twitter_card":"summary_large_image","twitter_misc":{"Tiempo de lectura":"2 minutos"},"schema":{"@context":"https:\/\/schema.org","@graph":[{"@type":"WebPage","@id":"https:\/\/bs-brands.com\/es\/como-comprar\/","url":"https:\/\/bs-brands.com\/es\/como-comprar\/","name":"C\u00f3mo comprar - Black Spider Brands","isPartOf":{"@id":"https:\/\/bs-brands.com\/es\/#website"},"datePublished":"2026-04-01T07:32:43+00:00","dateModified":"2026-04-01T07:46:30+00:00","breadcrumb":{"@id":"https:\/\/bs-brands.com\/es\/como-comprar\/#breadcrumb"},"inLanguage":"es","potentialAction":[{"@type":"ReadAction","target":["https:\/\/bs-brands.com\/es\/como-comprar\/"]}]},{"@type":"BreadcrumbList","@id":"https:\/\/bs-brands.com\/es\/como-comprar\/#breadcrumb","itemListElement":[{"@type":"ListItem","position":1,"name":"Home","item":"https:\/\/bs-brands.com\/es\/"},{"@type":"ListItem","position":2,"name":"C\u00f3mo comprar"}]},{"@type":"WebSite","@id":"https:\/\/bs-brands.com\/es\/#website","url":"https:\/\/bs-brands.com\/es\/","name":"BS BRANDS","description":"","potentialAction":[{"@type":"SearchAction","target":{"@type":"EntryPoint","urlTemplate":"https:\/\/bs-brands.com\/es\/?s={search_term_string}"},"query-input":{"@type":"PropertyValueSpecification","valueRequired":true,"valueName":"search_term_string"}}],"inLanguage":"es"}]}},"_links":{"self":[{"href":"https:\/\/bs-brands.com\/es\/wp-json\/wp\/v2\/pages\/1727069","targetHints":{"allow":["GET"]}}],"collection":[{"href":"https:\/\/bs-brands.com\/es\/wp-json\/wp\/v2\/pages"}],"about":[{"href":"https:\/\/bs-brands.com\/es\/wp-json\/wp\/v2\/types\/page"}],"author":[{"embeddable":true,"href":"https:\/\/bs-brands.com\/es\/wp-json\/wp\/v2\/users\/4"}],"replies":[{"embeddable":true,"href":"https:\/\/bs-brands.com\/es\/wp-json\/wp\/v2\/comments?post=1727069"}],"version-history":[{"count":1,"href":"https:\/\/bs-brands.com\/es\/wp-json\/wp\/v2\/pages\/1727069\/revisions"}],"predecessor-version":[{"id":1727070,"href":"https:\/\/bs-brands.com\/es\/wp-json\/wp\/v2\/pages\/1727069\/revisions\/1727070"}],"wp:attachment":[{"href":"https:\/\/bs-brands.com\/es\/wp-json\/wp\/v2\/media?parent=1727069"}],"curies":[{"name":"wp","href":"https:\/\/api.w.org\/{rel}","templated":true}]}}