{"id":1688246,"date":"2025-04-04T17:19:34","date_gmt":"2025-04-04T15:19:34","guid":{"rendered":"https:\/\/blackspider.dgcal-dev.it\/prodotto\/bsk050\/"},"modified":"2025-04-29T15:42:15","modified_gmt":"2025-04-29T13:42:15","slug":"bsk050","status":"publish","type":"product","link":"https:\/\/bs-brands.com\/es\/producto\/bsk050\/","title":{"rendered":"Moon Kids"},"content":{"rendered":"","protected":false},"excerpt":{"rendered":"<p>100% algod\u00f3n org\u00e1nico en conversi\u00f3n. Camiseta infantil de manga corta confeccionada en algod\u00f3n ecosostenible, cuello redondo con cinta de refuerzo y ribete suave, estructura con costuras laterales, corte moderno, tejido suave tratado con enzimas. Etiqueta tejida recortada en el cuello y etiqueta lateral desprendible con logotipo, composici\u00f3n e instrucciones de lavado. Composici\u00f3n Jaspeado gris: 90% algod\u00f3n org\u00e1nico en conversi\u00f3n, 10% viscosa.<\/p>\n","protected":false},"featured_media":1686493,"template":"","meta":[],"pwb-brand":[2381],"product_cat":[3749],"product_tag":[5218],"class_list":{"0":"post-1688246","1":"product","2":"type-product","3":"status-publish","4":"has-post-thumbnail","6":"pwb-brand-black-spider","7":"product_cat-camiseta","8":"product_tag-organic-es","9":"pa_camac_busto-cuciture-laterali-es","10":"pa_camac_collo-girocollo-es","11":"pa_camac_color_group-01_bianco","12":"pa_camac_color_group-02_grigio","13":"pa_camac_color_group-03_nero","14":"pa_camac_color_group-04_rosso","15":"pa_camac_color_group-05_blu","16":"pa_camac_color_group-06_royal-blu","17":"pa_camac_color_group-07_azzurro","18":"pa_camac_color_group-08_verde","19":"pa_camac_color_group-12_arancione","20":"pa_camac_color_group-13_giallo","21":"pa_camac_color_group-14_rosa","22":"pa_camac_fit-regular-es","23":"pa_camac_genere-bambino-es","24":"pa_camac_maniche-setin-es","25":"pa_camac_tessuto-jersey-es","26":"pa_colore-black","27":"pa_colore-fuchsia","28":"pa_colore-gold","29":"pa_colore-grey-heather","30":"pa_colore-kelly-green","31":"pa_colore-lime","32":"pa_colore-mineral-blue","33":"pa_colore-mustard","34":"pa_colore-navy","35":"pa_colore-off-white","36":"pa_colore-orange","37":"pa_colore-red","38":"pa_colore-royal-blue","39":"pa_colore-turquoise","40":"pa_colore-white","41":"pa_country_of_manufacture-bangladesh-es","42":"pa_taglia-3-4-es","43":"pa_taglia-5-6-es","44":"pa_taglia-7-8-es","45":"pa_taglia-9-10-es","46":"pa_taglia-11-12-es","47":"pa_taglia-13-14-es","49":"first","50":"instock","51":"shipping-taxable","52":"purchasable","53":"product-type-variable"},"yoast_head":"<!-- This site is optimized with the Yoast SEO plugin v25.6 - https:\/\/yoast.com\/wordpress\/plugins\/seo\/ -->\n<title>Moon Kids - Black Spider Brands<\/title>\n<meta name=\"robots\" content=\"index, follow, max-snippet:-1, max-image-preview:large, max-video-preview:-1\" \/>\n<link rel=\"canonical\" href=\"https:\/\/bs-brands.com\/es\/producto\/bsk050\/\" \/>\n<meta property=\"og:locale\" content=\"es_ES\" \/>\n<meta property=\"og:type\" content=\"article\" \/>\n<meta property=\"og:title\" content=\"Moon Kids - Black Spider Brands\" \/>\n<meta property=\"og:description\" content=\"100% algod\u00f3n org\u00e1nico en conversi\u00f3n. Camiseta infantil de manga corta confeccionada en algod\u00f3n ecosostenible, cuello redondo con cinta de refuerzo y ribete suave, estructura con costuras laterales, corte moderno, tejido suave tratado con enzimas. Etiqueta tejida recortada en el cuello y etiqueta lateral desprendible con logotipo, composici\u00f3n e instrucciones de lavado. Composici\u00f3n Jaspeado gris: 90% algod\u00f3n org\u00e1nico en conversi\u00f3n, 10% viscosa.\" \/>\n<meta property=\"og:url\" content=\"https:\/\/bs-brands.com\/es\/producto\/bsk050\/\" \/>\n<meta property=\"og:site_name\" content=\"Black Spider Brands\" \/>\n<meta property=\"article:modified_time\" content=\"2025-04-29T13:42:15+00:00\" \/>\n<meta property=\"og:image\" content=\"https:\/\/media.action-wear.com\/media\/catalog\/product\/b\/s\/bsk050-01_5.jpg?iswp=true\/&ignore=true&size=null\" \/>\n\t<meta property=\"og:image:width\" content=\"1200\" \/>\n\t<meta property=\"og:image:height\" content=\"1600\" \/>\n\t<meta property=\"og:image:type\" content=\"image\/png\" \/>\n<meta name=\"twitter:card\" content=\"summary_large_image\" \/>\n<script type=\"application\/ld+json\" class=\"yoast-schema-graph\">{\"@context\":\"https:\/\/schema.org\",\"@graph\":[{\"@type\":\"WebPage\",\"@id\":\"https:\/\/bs-brands.com\/es\/producto\/bsk050\/\",\"url\":\"https:\/\/bs-brands.com\/es\/producto\/bsk050\/\",\"name\":\"Moon Kids - Black Spider Brands\",\"isPartOf\":{\"@id\":\"https:\/\/bs-brands.com\/es\/#website\"},\"primaryImageOfPage\":{\"@id\":\"https:\/\/bs-brands.com\/es\/producto\/bsk050\/#primaryimage\"},\"image\":{\"@id\":\"https:\/\/bs-brands.com\/es\/producto\/bsk050\/#primaryimage\"},\"thumbnailUrl\":\"https:\/\/media.action-wear.com\/media\/catalog\/product\/b\/s\/bsk050-01_5.jpg?iswp=true\/&ignore=true&size=null\",\"datePublished\":\"2025-04-04T15:19:34+00:00\",\"dateModified\":\"2025-04-29T13:42:15+00:00\",\"breadcrumb\":{\"@id\":\"https:\/\/bs-brands.com\/es\/producto\/bsk050\/#breadcrumb\"},\"inLanguage\":\"es\",\"potentialAction\":[{\"@type\":\"ReadAction\",\"target\":[\"https:\/\/bs-brands.com\/es\/producto\/bsk050\/\"]}]},{\"@type\":\"ImageObject\",\"inLanguage\":\"es\",\"@id\":\"https:\/\/bs-brands.com\/es\/producto\/bsk050\/#primaryimage\",\"url\":\"https:\/\/media.action-wear.com\/media\/catalog\/product\/b\/s\/bsk050-01_5.jpg?iswp=true\/&ignore=true&size=null\",\"contentUrl\":\"https:\/\/media.action-wear.com\/media\/catalog\/product\/b\/s\/bsk050-01_5.jpg?iswp=true\/&ignore=true&size=null\",\"width\":1200,\"height\":1600},{\"@type\":\"BreadcrumbList\",\"@id\":\"https:\/\/bs-brands.com\/es\/producto\/bsk050\/#breadcrumb\",\"itemListElement\":[{\"@type\":\"ListItem\",\"position\":1,\"name\":\"Home\",\"item\":\"https:\/\/bs-brands.com\/es\/\"},{\"@type\":\"ListItem\",\"position\":2,\"name\":\"shop\",\"item\":\"https:\/\/bs-brands.com\/es\/comercio\/\"},{\"@type\":\"ListItem\",\"position\":3,\"name\":\"Moon Kids\"}]},{\"@type\":\"WebSite\",\"@id\":\"https:\/\/bs-brands.com\/es\/#website\",\"url\":\"https:\/\/bs-brands.com\/es\/\",\"name\":\"BS BRANDS\",\"description\":\"\",\"potentialAction\":[{\"@type\":\"SearchAction\",\"target\":{\"@type\":\"EntryPoint\",\"urlTemplate\":\"https:\/\/bs-brands.com\/es\/?s={search_term_string}\"},\"query-input\":{\"@type\":\"PropertyValueSpecification\",\"valueRequired\":true,\"valueName\":\"search_term_string\"}}],\"inLanguage\":\"es\"}]}<\/script>\n<!-- \/ Yoast SEO plugin. -->","yoast_head_json":{"title":"Moon Kids - Black Spider Brands","robots":{"index":"index","follow":"follow","max-snippet":"max-snippet:-1","max-image-preview":"max-image-preview:large","max-video-preview":"max-video-preview:-1"},"canonical":"https:\/\/bs-brands.com\/es\/producto\/bsk050\/","og_locale":"es_ES","og_type":"article","og_title":"Moon Kids - Black Spider Brands","og_description":"100% algod\u00f3n org\u00e1nico en conversi\u00f3n. Camiseta infantil de manga corta confeccionada en algod\u00f3n ecosostenible, cuello redondo con cinta de refuerzo y ribete suave, estructura con costuras laterales, corte moderno, tejido suave tratado con enzimas. Etiqueta tejida recortada en el cuello y etiqueta lateral desprendible con logotipo, composici\u00f3n e instrucciones de lavado. Composici\u00f3n Jaspeado gris: 90% algod\u00f3n org\u00e1nico en conversi\u00f3n, 10% viscosa.","og_url":"https:\/\/bs-brands.com\/es\/producto\/bsk050\/","og_site_name":"Black Spider Brands","article_modified_time":"2025-04-29T13:42:15+00:00","og_image":[{"width":1200,"height":1600,"url":"https:\/\/media.action-wear.com\/media\/catalog\/product\/b\/s\/bsk050-01_5.jpg?iswp=true\/&ignore=true&size=null","type":"image\/png"}],"twitter_card":"summary_large_image","schema":{"@context":"https:\/\/schema.org","@graph":[{"@type":"WebPage","@id":"https:\/\/bs-brands.com\/es\/producto\/bsk050\/","url":"https:\/\/bs-brands.com\/es\/producto\/bsk050\/","name":"Moon Kids - Black Spider Brands","isPartOf":{"@id":"https:\/\/bs-brands.com\/es\/#website"},"primaryImageOfPage":{"@id":"https:\/\/bs-brands.com\/es\/producto\/bsk050\/#primaryimage"},"image":{"@id":"https:\/\/bs-brands.com\/es\/producto\/bsk050\/#primaryimage"},"thumbnailUrl":"https:\/\/media.action-wear.com\/media\/catalog\/product\/b\/s\/bsk050-01_5.jpg?iswp=true\/&ignore=true&size=null","datePublished":"2025-04-04T15:19:34+00:00","dateModified":"2025-04-29T13:42:15+00:00","breadcrumb":{"@id":"https:\/\/bs-brands.com\/es\/producto\/bsk050\/#breadcrumb"},"inLanguage":"es","potentialAction":[{"@type":"ReadAction","target":["https:\/\/bs-brands.com\/es\/producto\/bsk050\/"]}]},{"@type":"ImageObject","inLanguage":"es","@id":"https:\/\/bs-brands.com\/es\/producto\/bsk050\/#primaryimage","url":"https:\/\/media.action-wear.com\/media\/catalog\/product\/b\/s\/bsk050-01_5.jpg?iswp=true\/&ignore=true&size=null","contentUrl":"https:\/\/media.action-wear.com\/media\/catalog\/product\/b\/s\/bsk050-01_5.jpg?iswp=true\/&ignore=true&size=null","width":1200,"height":1600},{"@type":"BreadcrumbList","@id":"https:\/\/bs-brands.com\/es\/producto\/bsk050\/#breadcrumb","itemListElement":[{"@type":"ListItem","position":1,"name":"Home","item":"https:\/\/bs-brands.com\/es\/"},{"@type":"ListItem","position":2,"name":"shop","item":"https:\/\/bs-brands.com\/es\/comercio\/"},{"@type":"ListItem","position":3,"name":"Moon Kids"}]},{"@type":"WebSite","@id":"https:\/\/bs-brands.com\/es\/#website","url":"https:\/\/bs-brands.com\/es\/","name":"BS BRANDS","description":"","potentialAction":[{"@type":"SearchAction","target":{"@type":"EntryPoint","urlTemplate":"https:\/\/bs-brands.com\/es\/?s={search_term_string}"},"query-input":{"@type":"PropertyValueSpecification","valueRequired":true,"valueName":"search_term_string"}}],"inLanguage":"es"}]}},"brands":[{"id":2381,"name":"Black Spider","slug":"black-spider"}],"_links":{"self":[{"href":"https:\/\/bs-brands.com\/es\/wp-json\/wp\/v2\/product\/1688246","targetHints":{"allow":["GET"]}}],"collection":[{"href":"https:\/\/bs-brands.com\/es\/wp-json\/wp\/v2\/product"}],"about":[{"href":"https:\/\/bs-brands.com\/es\/wp-json\/wp\/v2\/types\/product"}],"wp:featuredmedia":[{"embeddable":true,"href":"https:\/\/bs-brands.com\/es\/wp-json\/wp\/v2\/media\/1686493"}],"wp:attachment":[{"href":"https:\/\/bs-brands.com\/es\/wp-json\/wp\/v2\/media?parent=1688246"}],"wp:term":[{"taxonomy":"pwb-brand","embeddable":true,"href":"https:\/\/bs-brands.com\/es\/wp-json\/wp\/v2\/pwb-brand?post=1688246"},{"taxonomy":"product_cat","embeddable":true,"href":"https:\/\/bs-brands.com\/es\/wp-json\/wp\/v2\/product_cat?post=1688246"},{"taxonomy":"product_tag","embeddable":true,"href":"https:\/\/bs-brands.com\/es\/wp-json\/wp\/v2\/product_tag?post=1688246"}],"curies":[{"name":"wp","href":"https:\/\/api.w.org\/{rel}","templated":true}]}}