{"id":1690082,"date":"2025-04-04T17:17:02","date_gmt":"2025-04-04T15:17:02","guid":{"rendered":"https:\/\/blackspider.dgcal-dev.it\/prodotto\/bs060\/"},"modified":"2025-04-04T17:17:02","modified_gmt":"2025-04-04T15:17:02","slug":"bs060","status":"publish","type":"product","link":"https:\/\/bs-brands.com\/es\/producto\/bs060\/","title":{"rendered":"Paradise"},"content":{"rendered":"","protected":false},"excerpt":{"rendered":"<p>100% algod\u00f3n. Cuello redondo bajo con banda para el sudor, mangas cortas, corte moderno, estructura con costuras laterales, sin etiqueta, solo una etiqueta de tama\u00f1o peque\u00f1o, etiqueta de composici\u00f3n y made in Italy en el lateral.<\/p>\n","protected":false},"featured_media":1685559,"template":"","meta":[],"pwb-brand":[2381],"product_cat":[3749],"product_tag":[],"class_list":{"0":"post-1690082","1":"product","2":"type-product","3":"status-publish","4":"has-post-thumbnail","6":"pwb-brand-black-spider","7":"product_cat-camiseta","8":"pa_camac_busto-cuciture-laterali-es","9":"pa_camac_collo-girocollo-es","10":"pa_camac_color_group-01_bianco","11":"pa_camac_color_group-02_grigio","12":"pa_camac_color_group-03_nero","13":"pa_camac_color_group-05_blu","14":"pa_camac_color_group-08_verde","15":"pa_camac_fit-regular-es","16":"pa_camac_genere-uomo-es","17":"pa_camac_maniche-setin-es","18":"pa_colore-anthracite","19":"pa_colore-black","20":"pa_colore-grey-heather","21":"pa_colore-military","22":"pa_colore-navy","23":"pa_colore-off-white","24":"pa_colore-white","25":"pa_country_of_manufacture-italia-es","26":"pa_taglia-xs-es","27":"pa_taglia-s-es","28":"pa_taglia-m-es","29":"pa_taglia-l-es","30":"pa_taglia-xl-es","31":"pa_taglia-xxl-es","33":"first","34":"instock","35":"shipping-taxable","36":"purchasable","37":"product-type-variable"},"yoast_head":"<!-- This site is optimized with the Yoast SEO plugin v25.6 - https:\/\/yoast.com\/wordpress\/plugins\/seo\/ -->\n<title>Paradise - Black Spider Brands<\/title>\n<meta name=\"robots\" content=\"index, follow, max-snippet:-1, max-image-preview:large, max-video-preview:-1\" \/>\n<link rel=\"canonical\" href=\"https:\/\/bs-brands.com\/es\/producto\/bs060\/\" \/>\n<meta property=\"og:locale\" content=\"es_ES\" \/>\n<meta property=\"og:type\" content=\"article\" \/>\n<meta property=\"og:title\" content=\"Paradise - Black Spider Brands\" \/>\n<meta property=\"og:description\" content=\"100% algod\u00f3n. Cuello redondo bajo con banda para el sudor, mangas cortas, corte moderno, estructura con costuras laterales, sin etiqueta, solo una etiqueta de tama\u00f1o peque\u00f1o, etiqueta de composici\u00f3n y made in Italy en el lateral.\" \/>\n<meta property=\"og:url\" content=\"https:\/\/bs-brands.com\/es\/producto\/bs060\/\" \/>\n<meta property=\"og:site_name\" content=\"Black Spider Brands\" \/>\n<meta property=\"og:image\" content=\"https:\/\/media.action-wear.com\/media\/catalog\/product\/b\/s\/bs060-01.jpg?iswp=true\/&ignore=true&size=null\" \/>\n\t<meta property=\"og:image:width\" content=\"1200\" \/>\n\t<meta property=\"og:image:height\" content=\"1600\" \/>\n\t<meta property=\"og:image:type\" content=\"image\/png\" \/>\n<meta name=\"twitter:card\" content=\"summary_large_image\" \/>\n<script type=\"application\/ld+json\" class=\"yoast-schema-graph\">{\"@context\":\"https:\/\/schema.org\",\"@graph\":[{\"@type\":\"WebPage\",\"@id\":\"https:\/\/bs-brands.com\/es\/producto\/bs060\/\",\"url\":\"https:\/\/bs-brands.com\/es\/producto\/bs060\/\",\"name\":\"Paradise - Black Spider Brands\",\"isPartOf\":{\"@id\":\"https:\/\/bs-brands.com\/es\/#website\"},\"primaryImageOfPage\":{\"@id\":\"https:\/\/bs-brands.com\/es\/producto\/bs060\/#primaryimage\"},\"image\":{\"@id\":\"https:\/\/bs-brands.com\/es\/producto\/bs060\/#primaryimage\"},\"thumbnailUrl\":\"https:\/\/media.action-wear.com\/media\/catalog\/product\/b\/s\/bs060-01.jpg?iswp=true\/&ignore=true&size=null\",\"datePublished\":\"2025-04-04T15:17:02+00:00\",\"breadcrumb\":{\"@id\":\"https:\/\/bs-brands.com\/es\/producto\/bs060\/#breadcrumb\"},\"inLanguage\":\"es\",\"potentialAction\":[{\"@type\":\"ReadAction\",\"target\":[\"https:\/\/bs-brands.com\/es\/producto\/bs060\/\"]}]},{\"@type\":\"ImageObject\",\"inLanguage\":\"es\",\"@id\":\"https:\/\/bs-brands.com\/es\/producto\/bs060\/#primaryimage\",\"url\":\"https:\/\/media.action-wear.com\/media\/catalog\/product\/b\/s\/bs060-01.jpg?iswp=true\/&ignore=true&size=null\",\"contentUrl\":\"https:\/\/media.action-wear.com\/media\/catalog\/product\/b\/s\/bs060-01.jpg?iswp=true\/&ignore=true&size=null\",\"width\":1200,\"height\":1600},{\"@type\":\"BreadcrumbList\",\"@id\":\"https:\/\/bs-brands.com\/es\/producto\/bs060\/#breadcrumb\",\"itemListElement\":[{\"@type\":\"ListItem\",\"position\":1,\"name\":\"Home\",\"item\":\"https:\/\/bs-brands.com\/es\/\"},{\"@type\":\"ListItem\",\"position\":2,\"name\":\"shop\",\"item\":\"https:\/\/bs-brands.com\/es\/comercio\/\"},{\"@type\":\"ListItem\",\"position\":3,\"name\":\"Paradise\"}]},{\"@type\":\"WebSite\",\"@id\":\"https:\/\/bs-brands.com\/es\/#website\",\"url\":\"https:\/\/bs-brands.com\/es\/\",\"name\":\"BS BRANDS\",\"description\":\"\",\"potentialAction\":[{\"@type\":\"SearchAction\",\"target\":{\"@type\":\"EntryPoint\",\"urlTemplate\":\"https:\/\/bs-brands.com\/es\/?s={search_term_string}\"},\"query-input\":{\"@type\":\"PropertyValueSpecification\",\"valueRequired\":true,\"valueName\":\"search_term_string\"}}],\"inLanguage\":\"es\"}]}<\/script>\n<!-- \/ Yoast SEO plugin. -->","yoast_head_json":{"title":"Paradise - Black Spider Brands","robots":{"index":"index","follow":"follow","max-snippet":"max-snippet:-1","max-image-preview":"max-image-preview:large","max-video-preview":"max-video-preview:-1"},"canonical":"https:\/\/bs-brands.com\/es\/producto\/bs060\/","og_locale":"es_ES","og_type":"article","og_title":"Paradise - Black Spider Brands","og_description":"100% algod\u00f3n. Cuello redondo bajo con banda para el sudor, mangas cortas, corte moderno, estructura con costuras laterales, sin etiqueta, solo una etiqueta de tama\u00f1o peque\u00f1o, etiqueta de composici\u00f3n y made in Italy en el lateral.","og_url":"https:\/\/bs-brands.com\/es\/producto\/bs060\/","og_site_name":"Black Spider Brands","og_image":[{"width":1200,"height":1600,"url":"https:\/\/media.action-wear.com\/media\/catalog\/product\/b\/s\/bs060-01.jpg?iswp=true\/&ignore=true&size=null","type":"image\/png"}],"twitter_card":"summary_large_image","schema":{"@context":"https:\/\/schema.org","@graph":[{"@type":"WebPage","@id":"https:\/\/bs-brands.com\/es\/producto\/bs060\/","url":"https:\/\/bs-brands.com\/es\/producto\/bs060\/","name":"Paradise - Black Spider Brands","isPartOf":{"@id":"https:\/\/bs-brands.com\/es\/#website"},"primaryImageOfPage":{"@id":"https:\/\/bs-brands.com\/es\/producto\/bs060\/#primaryimage"},"image":{"@id":"https:\/\/bs-brands.com\/es\/producto\/bs060\/#primaryimage"},"thumbnailUrl":"https:\/\/media.action-wear.com\/media\/catalog\/product\/b\/s\/bs060-01.jpg?iswp=true\/&ignore=true&size=null","datePublished":"2025-04-04T15:17:02+00:00","breadcrumb":{"@id":"https:\/\/bs-brands.com\/es\/producto\/bs060\/#breadcrumb"},"inLanguage":"es","potentialAction":[{"@type":"ReadAction","target":["https:\/\/bs-brands.com\/es\/producto\/bs060\/"]}]},{"@type":"ImageObject","inLanguage":"es","@id":"https:\/\/bs-brands.com\/es\/producto\/bs060\/#primaryimage","url":"https:\/\/media.action-wear.com\/media\/catalog\/product\/b\/s\/bs060-01.jpg?iswp=true\/&ignore=true&size=null","contentUrl":"https:\/\/media.action-wear.com\/media\/catalog\/product\/b\/s\/bs060-01.jpg?iswp=true\/&ignore=true&size=null","width":1200,"height":1600},{"@type":"BreadcrumbList","@id":"https:\/\/bs-brands.com\/es\/producto\/bs060\/#breadcrumb","itemListElement":[{"@type":"ListItem","position":1,"name":"Home","item":"https:\/\/bs-brands.com\/es\/"},{"@type":"ListItem","position":2,"name":"shop","item":"https:\/\/bs-brands.com\/es\/comercio\/"},{"@type":"ListItem","position":3,"name":"Paradise"}]},{"@type":"WebSite","@id":"https:\/\/bs-brands.com\/es\/#website","url":"https:\/\/bs-brands.com\/es\/","name":"BS BRANDS","description":"","potentialAction":[{"@type":"SearchAction","target":{"@type":"EntryPoint","urlTemplate":"https:\/\/bs-brands.com\/es\/?s={search_term_string}"},"query-input":{"@type":"PropertyValueSpecification","valueRequired":true,"valueName":"search_term_string"}}],"inLanguage":"es"}]}},"brands":[{"id":2381,"name":"Black Spider","slug":"black-spider"}],"_links":{"self":[{"href":"https:\/\/bs-brands.com\/es\/wp-json\/wp\/v2\/product\/1690082","targetHints":{"allow":["GET"]}}],"collection":[{"href":"https:\/\/bs-brands.com\/es\/wp-json\/wp\/v2\/product"}],"about":[{"href":"https:\/\/bs-brands.com\/es\/wp-json\/wp\/v2\/types\/product"}],"wp:featuredmedia":[{"embeddable":true,"href":"https:\/\/bs-brands.com\/es\/wp-json\/wp\/v2\/media\/1685559"}],"wp:attachment":[{"href":"https:\/\/bs-brands.com\/es\/wp-json\/wp\/v2\/media?parent=1690082"}],"wp:term":[{"taxonomy":"pwb-brand","embeddable":true,"href":"https:\/\/bs-brands.com\/es\/wp-json\/wp\/v2\/pwb-brand?post=1690082"},{"taxonomy":"product_cat","embeddable":true,"href":"https:\/\/bs-brands.com\/es\/wp-json\/wp\/v2\/product_cat?post=1690082"},{"taxonomy":"product_tag","embeddable":true,"href":"https:\/\/bs-brands.com\/es\/wp-json\/wp\/v2\/product_tag?post=1690082"}],"curies":[{"name":"wp","href":"https:\/\/api.w.org\/{rel}","templated":true}]}}