{"id":1705955,"date":"2025-04-04T16:41:44","date_gmt":"2025-04-04T14:41:44","guid":{"rendered":"https:\/\/blackspider.dgcal-dev.it\/prodotto\/bs410\/"},"modified":"2025-04-29T17:58:40","modified_gmt":"2025-04-29T15:58:40","slug":"bs410","status":"publish","type":"product","link":"https:\/\/bs-brands.com\/es\/producto\/bs410\/","title":{"rendered":"Cargo"},"content":{"rendered":"","protected":false},"excerpt":{"rendered":"<p>Sarga 100% algod\u00f3n. Pantal\u00f3n corto funcional con 6 bolsillos: 2 bolsillos laterales grandes y c\u00f3modos, 2 bolsillos delanteros y 2 bolsillos traseros con cierre de bot\u00f3n, ideales para guardar objetos peque\u00f1os de forma segura.<\/p>\n","protected":false},"featured_media":1674737,"template":"","meta":[],"pwb-brand":[2381],"product_cat":[3752],"product_tag":[5198],"class_list":{"0":"post-1705955","1":"product","2":"type-product","3":"status-publish","4":"has-post-thumbnail","6":"pwb-brand-black-spider","7":"product_cat-pantalones","8":"product_tag-work-es","9":"pa_camac_color_group-02_grigio","10":"pa_camac_color_group-03_nero","11":"pa_camac_color_group-05_blu","12":"pa_camac_color_group-08_verde","13":"pa_camac_color_group-10_beige","14":"pa_camac_dettagli-con-tasca-es","15":"pa_camac_fit-regular-es","16":"pa_camac_genere-uomo-es","17":"pa_camac_tessuto-twill-es","18":"pa_colore-anthracite","19":"pa_colore-beige","20":"pa_colore-black","21":"pa_colore-military","22":"pa_colore-navy","23":"pa_country_of_manufacture-bangladesh-es","24":"pa_taglia-s-es","25":"pa_taglia-m-es","26":"pa_taglia-l-es","27":"pa_taglia-xl-es","28":"pa_taglia-xxl-es","30":"first","31":"instock","32":"shipping-taxable","33":"purchasable","34":"product-type-variable"},"yoast_head":"<!-- This site is optimized with the Yoast SEO plugin v25.6 - https:\/\/yoast.com\/wordpress\/plugins\/seo\/ -->\n<title>Cargo - Black Spider Brands<\/title>\n<meta name=\"robots\" content=\"index, follow, max-snippet:-1, max-image-preview:large, max-video-preview:-1\" \/>\n<link rel=\"canonical\" href=\"https:\/\/bs-brands.com\/es\/producto\/bs410\/\" \/>\n<meta property=\"og:locale\" content=\"es_ES\" \/>\n<meta property=\"og:type\" content=\"article\" \/>\n<meta property=\"og:title\" content=\"Cargo - Black Spider Brands\" \/>\n<meta property=\"og:description\" content=\"Sarga 100% algod\u00f3n. Pantal\u00f3n corto funcional con 6 bolsillos: 2 bolsillos laterales grandes y c\u00f3modos, 2 bolsillos delanteros y 2 bolsillos traseros con cierre de bot\u00f3n, ideales para guardar objetos peque\u00f1os de forma segura.\" \/>\n<meta property=\"og:url\" content=\"https:\/\/bs-brands.com\/es\/producto\/bs410\/\" \/>\n<meta property=\"og:site_name\" content=\"Black Spider Brands\" \/>\n<meta property=\"article:modified_time\" content=\"2025-04-29T15:58:40+00:00\" \/>\n<meta property=\"og:image\" content=\"https:\/\/media.action-wear.com\/media\/catalog\/product\/b\/s\/bs410-01_1.jpg?iswp=true\/&ignore=true&size=null\" \/>\n\t<meta property=\"og:image:width\" content=\"1200\" \/>\n\t<meta property=\"og:image:height\" content=\"1600\" \/>\n\t<meta property=\"og:image:type\" content=\"image\/png\" \/>\n<meta name=\"twitter:card\" content=\"summary_large_image\" \/>\n<script type=\"application\/ld+json\" class=\"yoast-schema-graph\">{\"@context\":\"https:\/\/schema.org\",\"@graph\":[{\"@type\":\"WebPage\",\"@id\":\"https:\/\/bs-brands.com\/es\/producto\/bs410\/\",\"url\":\"https:\/\/bs-brands.com\/es\/producto\/bs410\/\",\"name\":\"Cargo - Black Spider Brands\",\"isPartOf\":{\"@id\":\"https:\/\/bs-brands.com\/es\/#website\"},\"primaryImageOfPage\":{\"@id\":\"https:\/\/bs-brands.com\/es\/producto\/bs410\/#primaryimage\"},\"image\":{\"@id\":\"https:\/\/bs-brands.com\/es\/producto\/bs410\/#primaryimage\"},\"thumbnailUrl\":\"https:\/\/media.action-wear.com\/media\/catalog\/product\/b\/s\/bs410-01_1.jpg?iswp=true\/&ignore=true&size=null\",\"datePublished\":\"2025-04-04T14:41:44+00:00\",\"dateModified\":\"2025-04-29T15:58:40+00:00\",\"breadcrumb\":{\"@id\":\"https:\/\/bs-brands.com\/es\/producto\/bs410\/#breadcrumb\"},\"inLanguage\":\"es\",\"potentialAction\":[{\"@type\":\"ReadAction\",\"target\":[\"https:\/\/bs-brands.com\/es\/producto\/bs410\/\"]}]},{\"@type\":\"ImageObject\",\"inLanguage\":\"es\",\"@id\":\"https:\/\/bs-brands.com\/es\/producto\/bs410\/#primaryimage\",\"url\":\"https:\/\/media.action-wear.com\/media\/catalog\/product\/b\/s\/bs410-01_1.jpg?iswp=true\/&ignore=true&size=null\",\"contentUrl\":\"https:\/\/media.action-wear.com\/media\/catalog\/product\/b\/s\/bs410-01_1.jpg?iswp=true\/&ignore=true&size=null\",\"width\":1200,\"height\":1600},{\"@type\":\"BreadcrumbList\",\"@id\":\"https:\/\/bs-brands.com\/es\/producto\/bs410\/#breadcrumb\",\"itemListElement\":[{\"@type\":\"ListItem\",\"position\":1,\"name\":\"Home\",\"item\":\"https:\/\/bs-brands.com\/es\/\"},{\"@type\":\"ListItem\",\"position\":2,\"name\":\"shop\",\"item\":\"https:\/\/bs-brands.com\/es\/comercio\/\"},{\"@type\":\"ListItem\",\"position\":3,\"name\":\"Cargo\"}]},{\"@type\":\"WebSite\",\"@id\":\"https:\/\/bs-brands.com\/es\/#website\",\"url\":\"https:\/\/bs-brands.com\/es\/\",\"name\":\"BS BRANDS\",\"description\":\"\",\"potentialAction\":[{\"@type\":\"SearchAction\",\"target\":{\"@type\":\"EntryPoint\",\"urlTemplate\":\"https:\/\/bs-brands.com\/es\/?s={search_term_string}\"},\"query-input\":{\"@type\":\"PropertyValueSpecification\",\"valueRequired\":true,\"valueName\":\"search_term_string\"}}],\"inLanguage\":\"es\"}]}<\/script>\n<!-- \/ Yoast SEO plugin. -->","yoast_head_json":{"title":"Cargo - Black Spider Brands","robots":{"index":"index","follow":"follow","max-snippet":"max-snippet:-1","max-image-preview":"max-image-preview:large","max-video-preview":"max-video-preview:-1"},"canonical":"https:\/\/bs-brands.com\/es\/producto\/bs410\/","og_locale":"es_ES","og_type":"article","og_title":"Cargo - Black Spider Brands","og_description":"Sarga 100% algod\u00f3n. Pantal\u00f3n corto funcional con 6 bolsillos: 2 bolsillos laterales grandes y c\u00f3modos, 2 bolsillos delanteros y 2 bolsillos traseros con cierre de bot\u00f3n, ideales para guardar objetos peque\u00f1os de forma segura.","og_url":"https:\/\/bs-brands.com\/es\/producto\/bs410\/","og_site_name":"Black Spider Brands","article_modified_time":"2025-04-29T15:58:40+00:00","og_image":[{"width":1200,"height":1600,"url":"https:\/\/media.action-wear.com\/media\/catalog\/product\/b\/s\/bs410-01_1.jpg?iswp=true\/&ignore=true&size=null","type":"image\/png"}],"twitter_card":"summary_large_image","schema":{"@context":"https:\/\/schema.org","@graph":[{"@type":"WebPage","@id":"https:\/\/bs-brands.com\/es\/producto\/bs410\/","url":"https:\/\/bs-brands.com\/es\/producto\/bs410\/","name":"Cargo - Black Spider Brands","isPartOf":{"@id":"https:\/\/bs-brands.com\/es\/#website"},"primaryImageOfPage":{"@id":"https:\/\/bs-brands.com\/es\/producto\/bs410\/#primaryimage"},"image":{"@id":"https:\/\/bs-brands.com\/es\/producto\/bs410\/#primaryimage"},"thumbnailUrl":"https:\/\/media.action-wear.com\/media\/catalog\/product\/b\/s\/bs410-01_1.jpg?iswp=true\/&ignore=true&size=null","datePublished":"2025-04-04T14:41:44+00:00","dateModified":"2025-04-29T15:58:40+00:00","breadcrumb":{"@id":"https:\/\/bs-brands.com\/es\/producto\/bs410\/#breadcrumb"},"inLanguage":"es","potentialAction":[{"@type":"ReadAction","target":["https:\/\/bs-brands.com\/es\/producto\/bs410\/"]}]},{"@type":"ImageObject","inLanguage":"es","@id":"https:\/\/bs-brands.com\/es\/producto\/bs410\/#primaryimage","url":"https:\/\/media.action-wear.com\/media\/catalog\/product\/b\/s\/bs410-01_1.jpg?iswp=true\/&ignore=true&size=null","contentUrl":"https:\/\/media.action-wear.com\/media\/catalog\/product\/b\/s\/bs410-01_1.jpg?iswp=true\/&ignore=true&size=null","width":1200,"height":1600},{"@type":"BreadcrumbList","@id":"https:\/\/bs-brands.com\/es\/producto\/bs410\/#breadcrumb","itemListElement":[{"@type":"ListItem","position":1,"name":"Home","item":"https:\/\/bs-brands.com\/es\/"},{"@type":"ListItem","position":2,"name":"shop","item":"https:\/\/bs-brands.com\/es\/comercio\/"},{"@type":"ListItem","position":3,"name":"Cargo"}]},{"@type":"WebSite","@id":"https:\/\/bs-brands.com\/es\/#website","url":"https:\/\/bs-brands.com\/es\/","name":"BS BRANDS","description":"","potentialAction":[{"@type":"SearchAction","target":{"@type":"EntryPoint","urlTemplate":"https:\/\/bs-brands.com\/es\/?s={search_term_string}"},"query-input":{"@type":"PropertyValueSpecification","valueRequired":true,"valueName":"search_term_string"}}],"inLanguage":"es"}]}},"brands":[{"id":2381,"name":"Black Spider","slug":"black-spider"}],"_links":{"self":[{"href":"https:\/\/bs-brands.com\/es\/wp-json\/wp\/v2\/product\/1705955","targetHints":{"allow":["GET"]}}],"collection":[{"href":"https:\/\/bs-brands.com\/es\/wp-json\/wp\/v2\/product"}],"about":[{"href":"https:\/\/bs-brands.com\/es\/wp-json\/wp\/v2\/types\/product"}],"wp:featuredmedia":[{"embeddable":true,"href":"https:\/\/bs-brands.com\/es\/wp-json\/wp\/v2\/media\/1674737"}],"wp:attachment":[{"href":"https:\/\/bs-brands.com\/es\/wp-json\/wp\/v2\/media?parent=1705955"}],"wp:term":[{"taxonomy":"pwb-brand","embeddable":true,"href":"https:\/\/bs-brands.com\/es\/wp-json\/wp\/v2\/pwb-brand?post=1705955"},{"taxonomy":"product_cat","embeddable":true,"href":"https:\/\/bs-brands.com\/es\/wp-json\/wp\/v2\/product_cat?post=1705955"},{"taxonomy":"product_tag","embeddable":true,"href":"https:\/\/bs-brands.com\/es\/wp-json\/wp\/v2\/product_tag?post=1705955"}],"curies":[{"name":"wp","href":"https:\/\/api.w.org\/{rel}","templated":true}]}}