{"id":1727065,"date":"2026-04-01T09:32:43","date_gmt":"2026-04-01T07:32:43","guid":{"rendered":"https:\/\/bs-brands.com\/comment-acheter\/"},"modified":"2026-04-01T09:42:58","modified_gmt":"2026-04-01T07:42:58","slug":"comment-acheter","status":"publish","type":"page","link":"https:\/\/bs-brands.com\/fr\/comment-acheter\/","title":{"rendered":"Comment acheter"},"content":{"rendered":"\t\t<div data-elementor-type=\"wp-page\" data-elementor-id=\"1727065\" class=\"elementor elementor-1727065 elementor-1727059\" data-elementor-post-type=\"page\">\n\t\t\t\t\t\t<section class=\"elementor-section elementor-top-section elementor-element elementor-element-9340f67 elementor-hidden-desktop elementor-hidden-mobile elementor-section-boxed elementor-section-height-default elementor-section-height-default\" data-id=\"9340f67\" data-element_type=\"section\">\n\t\t\t\t\t\t<div class=\"elementor-container elementor-column-gap-default\">\n\t\t\t\t\t<div class=\"elementor-column elementor-col-100 elementor-top-column elementor-element elementor-element-abe2cca\" data-id=\"abe2cca\" data-element_type=\"column\">\n\t\t\t<div class=\"elementor-widget-wrap elementor-element-populated\">\n\t\t\t\t\t\t<div class=\"elementor-element elementor-element-530fccd elementor-widget elementor-widget-heading\" data-id=\"530fccd\" data-element_type=\"widget\" data-widget_type=\"heading.default\">\n\t\t\t\t<div class=\"elementor-widget-container\">\n\t\t\t\t\t<h2 class=\"elementor-heading-title elementor-size-default\">Comment acheter<br>Black Spider\u200b\n<\/h2>\t\t\t\t<\/div>\n\t\t\t\t<\/div>\n\t\t\t\t\t<\/div>\n\t\t<\/div>\n\t\t\t\t\t<\/div>\n\t\t<\/section>\n\t\t\t\t<section class=\"elementor-section elementor-top-section elementor-element elementor-element-4f8c822 elementor-hidden-tablet elementor-section-boxed elementor-section-height-default elementor-section-height-default\" data-id=\"4f8c822\" data-element_type=\"section\">\n\t\t\t\t\t\t<div class=\"elementor-container elementor-column-gap-default\">\n\t\t\t\t\t<div class=\"elementor-column elementor-col-100 elementor-top-column elementor-element elementor-element-c1f68a9\" data-id=\"c1f68a9\" data-element_type=\"column\">\n\t\t\t<div class=\"elementor-widget-wrap elementor-element-populated\">\n\t\t\t\t\t\t<div class=\"elementor-element elementor-element-4e13a18 elementor-widget elementor-widget-heading\" data-id=\"4e13a18\" data-element_type=\"widget\" data-widget_type=\"heading.default\">\n\t\t\t\t<div class=\"elementor-widget-container\">\n\t\t\t\t\t<h2 class=\"elementor-heading-title elementor-size-default\">COMMENT EFFECTUER DES ACHATS SUR BLACK SPIDER<\/h2>\t\t\t\t<\/div>\n\t\t\t\t<\/div>\n\t\t\t\t<section class=\"elementor-section elementor-inner-section elementor-element elementor-element-4b7c1fc elementor-section-boxed elementor-section-height-default elementor-section-height-default\" data-id=\"4b7c1fc\" data-element_type=\"section\">\n\t\t\t\t\t\t<div class=\"elementor-container elementor-column-gap-default\">\n\t\t\t\t\t<div class=\"elementor-column elementor-col-100 elementor-inner-column elementor-element elementor-element-d63cca6\" data-id=\"d63cca6\" data-element_type=\"column\">\n\t\t\t<div class=\"elementor-widget-wrap elementor-element-populated\">\n\t\t\t\t\t\t<div class=\"elementor-element elementor-element-04b5539 elementor-widget__width-initial elementor-widget elementor-widget-text-editor\" data-id=\"04b5539\" data-element_type=\"widget\" data-widget_type=\"text-editor.default\">\n\t\t\t\t<div class=\"elementor-widget-container\">\n\t\t\t\t\t\t\t\t\t<h6>Des v\u00eatements con\u00e7us pour le march\u00e9 professionnel, distribu\u00e9s par un r\u00e9seau structur\u00e9 et tri\u00e9 sur le volet.<\/h6>\n\t\t\t\t\t\t\t\t<\/div>\n\t\t\t\t<\/div>\n\t\t\t\t\t<\/div>\n\t\t<\/div>\n\t\t\t\t\t<\/div>\n\t\t<\/section>\n\t\t\t\t\t<\/div>\n\t\t<\/div>\n\t\t\t\t\t<\/div>\n\t\t<\/section>\n\t\t\t\t<section class=\"elementor-section elementor-top-section elementor-element elementor-element-d27445e elementor-hidden-tablet elementor-section-boxed elementor-section-height-default elementor-section-height-default\" data-id=\"d27445e\" data-element_type=\"section\">\n\t\t\t\t\t\t<div class=\"elementor-container elementor-column-gap-default\">\n\t\t\t\t\t<div class=\"elementor-column elementor-col-100 elementor-top-column elementor-element elementor-element-649824b\" data-id=\"649824b\" data-element_type=\"column\">\n\t\t\t<div class=\"elementor-widget-wrap elementor-element-populated\">\n\t\t\t\t\t\t<section class=\"elementor-section elementor-inner-section elementor-element elementor-element-57fb01b elementor-section-boxed elementor-section-height-default elementor-section-height-default\" data-id=\"57fb01b\" data-element_type=\"section\">\n\t\t\t\t\t\t<div class=\"elementor-container elementor-column-gap-default\">\n\t\t\t\t\t<div class=\"elementor-column elementor-col-100 elementor-inner-column elementor-element elementor-element-bd9c396\" data-id=\"bd9c396\" data-element_type=\"column\">\n\t\t\t<div class=\"elementor-widget-wrap elementor-element-populated\">\n\t\t\t\t\t\t<div class=\"elementor-element elementor-element-b4ea7f5 elementor-widget__width-initial elementor-widget elementor-widget-text-editor\" data-id=\"b4ea7f5\" data-element_type=\"widget\" data-widget_type=\"text-editor.default\">\n\t\t\t\t<div class=\"elementor-widget-container\">\n\t\t\t\t\t\t\t\t\t<p>Black Spider ne vend pas directement au grand public.<\/p>\n<p>Nos produits sont distribu\u00e9s par un r\u00e9seau de revendeurs partenaires, s\u00e9lectionn\u00e9s pour leur comp\u00e9tence, leur fiabilit\u00e9 et leur connaissance du march\u00e9.<\/p>\n<p>Ce mod\u00e8le nous permet de garantir :<\/p>\n<ul>\n<li>des conseils avis\u00e9s<\/li>\n<li>personnalisation g\u00e9r\u00e9e par des professionnels<\/li>\n<li>continuit\u00e9 dans le temps<\/li>\n<li>respect des canaux de vente<\/li>\n<\/ul>\n<p>En fonction de qui vous \u00eates et de ce que vous souhaitez r\u00e9aliser, nous vous orientons vers le partenaire le plus adapt\u00e9.<\/p>\n\t\t\t\t\t\t\t\t<\/div>\n\t\t\t\t<\/div>\n\t\t\t\t\t<\/div>\n\t\t<\/div>\n\t\t\t\t\t<\/div>\n\t\t<\/section>\n\t\t\t\t\t<\/div>\n\t\t<\/div>\n\t\t\t\t\t<\/div>\n\t\t<\/section>\n\t\t\t\t<section class=\"elementor-section elementor-top-section elementor-element elementor-element-adcb524 elementor-hidden-tablet elementor-section-boxed elementor-section-height-default elementor-section-height-default\" data-id=\"adcb524\" data-element_type=\"section\" data-settings=\"{&quot;background_background&quot;:&quot;classic&quot;}\">\n\t\t\t\t\t\t<div class=\"elementor-container elementor-column-gap-default\">\n\t\t\t\t\t<div class=\"elementor-column elementor-col-100 elementor-top-column elementor-element elementor-element-abff362\" data-id=\"abff362\" data-element_type=\"column\">\n\t\t\t<div class=\"elementor-widget-wrap elementor-element-populated\">\n\t\t\t\t\t\t<div class=\"elementor-element elementor-element-8d3e52a elementor-widget elementor-widget-heading\" data-id=\"8d3e52a\" data-element_type=\"widget\" data-widget_type=\"heading.default\">\n\t\t\t\t<div class=\"elementor-widget-container\">\n\t\t\t\t\t<h2 class=\"elementor-heading-title elementor-size-default\">Un r\u00e9seau europ\u00e9en, plusieurs itin\u00e9raires<\/h2>\t\t\t\t<\/div>\n\t\t\t\t<\/div>\n\t\t\t\t<section class=\"elementor-section elementor-inner-section elementor-element elementor-element-3d8e30c elementor-section-boxed elementor-section-height-default elementor-section-height-default\" data-id=\"3d8e30c\" data-element_type=\"section\">\n\t\t\t\t\t\t<div class=\"elementor-container elementor-column-gap-default\">\n\t\t\t\t\t<div class=\"elementor-column elementor-col-100 elementor-inner-column elementor-element elementor-element-c086d1e\" data-id=\"c086d1e\" data-element_type=\"column\">\n\t\t\t<div class=\"elementor-widget-wrap elementor-element-populated\">\n\t\t\t\t\t\t<div class=\"elementor-element elementor-element-c722ba7 elementor-widget__width-initial elementor-widget elementor-widget-text-editor\" data-id=\"c722ba7\" data-element_type=\"widget\" data-widget_type=\"text-editor.default\">\n\t\t\t\t<div class=\"elementor-widget-container\">\n\t\t\t\t\t\t\t\t\t<p>Un r\u00e9seau europ\u00e9en, plusieurs itin\u00e9raires<\/p>\n<p>Black Spider est distribu\u00e9 par un r\u00e9seau de revendeurs et de partenaires pr\u00e9sents dans toute l&rsquo;Europe.<br \/>Chaque partenaire op\u00e8re sur son propre march\u00e9, mais en respectant les m\u00eames normes en mati\u00e8re de produits, de service et de fiabilit\u00e9.<\/p>\n<p>Selon qui vous \u00eates et ce que vous souhaitez accomplir, le parcours varie.<\/p>\n\t\t\t\t\t\t\t\t<\/div>\n\t\t\t\t<\/div>\n\t\t\t\t\t<\/div>\n\t\t<\/div>\n\t\t\t\t\t<\/div>\n\t\t<\/section>\n\t\t\t\t<section class=\"elementor-section elementor-inner-section elementor-element elementor-element-c9b144d elementor-section-boxed elementor-section-height-default elementor-section-height-default\" data-id=\"c9b144d\" data-element_type=\"section\">\n\t\t\t\t\t\t<div class=\"elementor-container elementor-column-gap-default\">\n\t\t\t\t\t<div class=\"elementor-column elementor-col-33 elementor-inner-column elementor-element elementor-element-ce2f98a\" data-id=\"ce2f98a\" data-element_type=\"column\">\n\t\t\t<div class=\"elementor-widget-wrap elementor-element-populated\">\n\t\t\t\t\t\t<div class=\"elementor-element elementor-element-cb41fb8 elementor-cta--layout-image-above elementor-cta--skin-classic elementor-animated-content elementor-bg-transform elementor-bg-transform-zoom-in elementor-widget elementor-widget-call-to-action\" data-id=\"cb41fb8\" data-element_type=\"widget\" data-widget_type=\"call-to-action.default\">\n\t\t\t\t<div class=\"elementor-widget-container\">\n\t\t\t\t\t\t\t<a class=\"elementor-cta\" href=\"https:\/\/bs-brands.com\/come-acquistare\/aziende\/\">\n\t\t\t\t\t<div class=\"elementor-cta__bg-wrapper\">\n\t\t\t\t<div class=\"elementor-cta__bg elementor-bg\" style=\"background-image: url(https:\/\/bs-brands.com\/wp-content\/uploads\/2026\/02\/blocco1-2.jpg);\" role=\"img\" aria-label=\"blocco1\"><\/div>\n\t\t\t\t<div class=\"elementor-cta__bg-overlay\"><\/div>\n\t\t\t<\/div>\n\t\t\t\t\t\t\t<div class=\"elementor-cta__content\">\n\t\t\t\t\n\t\t\t\t\t\t\t\t\t<h4 class=\"elementor-cta__title elementor-cta__content-item elementor-content-item\">\n\t\t\t\t\t\tEntreprise, association ou organisation\t\t\t\t\t<\/h4>\n\t\t\t\t\n\t\t\t\t\t\t\t\t\t<div class=\"elementor-cta__description elementor-cta__content-item elementor-content-item\">\n\t\t\t\t\t\t<p>Personnalisez les v\u00eatements Black Spider pour vos \u00e9v\u00e9nements, votre \u00e9quipe, votre travail ou vos campagnes promotionnelles.<br \/>Nous vous mettons en relation avec un partenaire qui se charge du conseil, de la personnalisation et de la livraison.<\/p>\n\t\t\t\t\t<\/div>\n\t\t\t\t\n\t\t\t\t\t\t\t\t\t<div class=\"elementor-cta__button-wrapper elementor-cta__content-item elementor-content-item \">\n\t\t\t\t\t<span class=\"elementor-cta__button elementor-button elementor-size-\">\n\t\t\t\t\t\tTrouvez le bon revendeur\t\t\t\t\t<\/span>\n\t\t\t\t\t<\/div>\n\t\t\t\t\t\t\t<\/div>\n\t\t\t\t\t\t<\/a>\n\t\t\t\t\t\t<\/div>\n\t\t\t\t<\/div>\n\t\t\t\t\t<\/div>\n\t\t<\/div>\n\t\t\t\t<div class=\"elementor-column elementor-col-33 elementor-inner-column elementor-element elementor-element-4ec546b\" data-id=\"4ec546b\" data-element_type=\"column\">\n\t\t\t<div class=\"elementor-widget-wrap elementor-element-populated\">\n\t\t\t\t\t\t<div class=\"elementor-element elementor-element-2c08221 elementor-cta--skin-classic elementor-animated-content elementor-bg-transform elementor-bg-transform-zoom-in elementor-widget elementor-widget-call-to-action\" data-id=\"2c08221\" data-element_type=\"widget\" data-widget_type=\"call-to-action.default\">\n\t\t\t\t<div class=\"elementor-widget-container\">\n\t\t\t\t\t\t\t<a class=\"elementor-cta\" href=\"https:\/\/bs-brands.com\/come-acquistare\/creator\/\">\n\t\t\t\t\t<div class=\"elementor-cta__bg-wrapper\">\n\t\t\t\t<div class=\"elementor-cta__bg elementor-bg\" style=\"background-image: url(https:\/\/bs-brands.com\/wp-content\/uploads\/2026\/02\/blocco2.jpg);\" role=\"img\" aria-label=\"blocco2\"><\/div>\n\t\t\t\t<div class=\"elementor-cta__bg-overlay\"><\/div>\n\t\t\t<\/div>\n\t\t\t\t\t\t\t<div class=\"elementor-cta__content\">\n\t\t\t\t\n\t\t\t\t\t\t\t\t\t<h4 class=\"elementor-cta__title elementor-cta__content-item elementor-content-item\">\n\t\t\t\t\t\tMarque, cr\u00e9ateur ou projet de collection\t\t\t\t\t<\/h4>\n\t\t\t\t\n\t\t\t\t\t\t\t\t\t<div class=\"elementor-cta__description elementor-cta__content-item elementor-content-item\">\n\t\t\t\t\t\t<p>D\u00e9veloppez des collections, des collections capsules ou des projets \u00e0 long terme \u00e0 partir des v\u00eatements Black Spider.<br \/>Vous travaillez avec des partenaires habitu\u00e9s \u00e0 suivre le d\u00e9veloppement des produits sur la dur\u00e9e.<\/p>\n\t\t\t\t\t<\/div>\n\t\t\t\t\n\t\t\t\t\t\t\t\t\t<div class=\"elementor-cta__button-wrapper elementor-cta__content-item elementor-content-item \">\n\t\t\t\t\t<span class=\"elementor-cta__button elementor-button elementor-size-\">\n\t\t\t\t\t\tD\u00e9veloppez votre projet\t\t\t\t\t<\/span>\n\t\t\t\t\t<\/div>\n\t\t\t\t\t\t\t<\/div>\n\t\t\t\t\t\t<\/a>\n\t\t\t\t\t\t<\/div>\n\t\t\t\t<\/div>\n\t\t\t\t\t<\/div>\n\t\t<\/div>\n\t\t\t\t<div class=\"elementor-column elementor-col-33 elementor-inner-column elementor-element elementor-element-e9f9889\" data-id=\"e9f9889\" data-element_type=\"column\">\n\t\t\t<div class=\"elementor-widget-wrap elementor-element-populated\">\n\t\t\t\t\t\t<div class=\"elementor-element elementor-element-b7a67d3 elementor-cta--skin-classic elementor-animated-content elementor-bg-transform elementor-bg-transform-zoom-in elementor-widget elementor-widget-call-to-action\" data-id=\"b7a67d3\" data-element_type=\"widget\" data-widget_type=\"call-to-action.default\">\n\t\t\t\t<div class=\"elementor-widget-container\">\n\t\t\t\t\t\t\t<a class=\"elementor-cta\" href=\"https:\/\/bs-brands.com\/come-acquistare\/rivenditore\/\">\n\t\t\t\t\t<div class=\"elementor-cta__bg-wrapper\">\n\t\t\t\t<div class=\"elementor-cta__bg elementor-bg\" style=\"background-image: url(https:\/\/bs-brands.com\/wp-content\/uploads\/2026\/02\/blocco3.jpg);\" role=\"img\" aria-label=\"blocco3\"><\/div>\n\t\t\t\t<div class=\"elementor-cta__bg-overlay\"><\/div>\n\t\t\t<\/div>\n\t\t\t\t\t\t\t<div class=\"elementor-cta__content\">\n\t\t\t\t\n\t\t\t\t\t\t\t\t\t<h4 class=\"elementor-cta__title elementor-cta__content-item elementor-content-item\">\n\t\t\t\t\t\tProfessionnel du secteur ou revendeur\t\t\t\t\t<\/h4>\n\t\t\t\t\n\t\t\t\t\t\t\t\t\t<div class=\"elementor-cta__description elementor-cta__content-item elementor-content-item\">\n\t\t\t\t\t\t<p>Rejoignez le r\u00e9seau Black Spider et b\u00e9n\u00e9ficiez d'une gamme compl\u00e8te, d'un stock europ\u00e9en et d'un service d'assistance d\u00e9di\u00e9.<br \/>Un mod\u00e8le con\u00e7u pour ceux qui travaillent r\u00e9ellement dans le secteur.<\/p>\n\t\t\t\t\t<\/div>\n\t\t\t\t\n\t\t\t\t\t\t\t\t\t<div class=\"elementor-cta__button-wrapper elementor-cta__content-item elementor-content-item \">\n\t\t\t\t\t<span class=\"elementor-cta__button elementor-button elementor-size-\">\n\t\t\t\t\t\tDevenez partenaire Black Spider\t\t\t\t\t<\/span>\n\t\t\t\t\t<\/div>\n\t\t\t\t\t\t\t<\/div>\n\t\t\t\t\t\t<\/a>\n\t\t\t\t\t\t<\/div>\n\t\t\t\t<\/div>\n\t\t\t\t\t<\/div>\n\t\t<\/div>\n\t\t\t\t\t<\/div>\n\t\t<\/section>\n\t\t\t\t\t<\/div>\n\t\t<\/div>\n\t\t\t\t\t<\/div>\n\t\t<\/section>\n\t\t\t\t<section class=\"elementor-section elementor-top-section elementor-element elementor-element-dd6d81c elementor-section-boxed elementor-section-height-default elementor-section-height-default\" data-id=\"dd6d81c\" data-element_type=\"section\">\n\t\t\t\t\t\t<div class=\"elementor-container elementor-column-gap-default\">\n\t\t\t\t\t<div class=\"elementor-column elementor-col-100 elementor-top-column elementor-element elementor-element-3fcec0a\" data-id=\"3fcec0a\" data-element_type=\"column\">\n\t\t\t<div class=\"elementor-widget-wrap elementor-element-populated\">\n\t\t\t\t\t\t<div class=\"elementor-element elementor-element-b735f80 elementor-widget elementor-widget-heading\" data-id=\"b735f80\" data-element_type=\"widget\" data-widget_type=\"heading.default\">\n\t\t\t\t<div class=\"elementor-widget-container\">\n\t\t\t\t\t<h2 class=\"elementor-heading-title elementor-size-default\">Vous ne savez pas quel est le parcours qui vous convient ?\n<\/h2>\t\t\t\t<\/div>\n\t\t\t\t<\/div>\n\t\t\t\t<section class=\"elementor-section elementor-inner-section elementor-element elementor-element-c7b8e28 elementor-section-boxed elementor-section-height-default elementor-section-height-default\" data-id=\"c7b8e28\" data-element_type=\"section\">\n\t\t\t\t\t\t<div class=\"elementor-container elementor-column-gap-default\">\n\t\t\t\t\t<div class=\"elementor-column elementor-col-100 elementor-inner-column elementor-element elementor-element-81235f2\" data-id=\"81235f2\" data-element_type=\"column\">\n\t\t\t<div class=\"elementor-widget-wrap elementor-element-populated\">\n\t\t\t\t\t\t<div class=\"elementor-element elementor-element-1c97ef4 elementor-widget__width-initial elementor-widget elementor-widget-text-editor\" data-id=\"1c97ef4\" data-element_type=\"widget\" data-widget_type=\"text-editor.default\">\n\t\t\t\t<div class=\"elementor-widget-container\">\n\t\t\t\t\t\t\t\t\t<p data-start=\"3735\" data-end=\"3824\">Raconte-nous qui tu es et ce que tu dois r\u00e9aliser. Nous te dirigerons vers le partenaire Black Spider le plus adapt\u00e9, dans ton pays. <\/p>\n\t\t\t\t\t\t\t\t<\/div>\n\t\t\t\t<\/div>\n\t\t\t\t\t<\/div>\n\t\t<\/div>\n\t\t\t\t\t<\/div>\n\t\t<\/section>\n\t\t\t\t<section class=\"elementor-section elementor-inner-section elementor-element elementor-element-ae6c620 elementor-section-boxed elementor-section-height-default elementor-section-height-default\" data-id=\"ae6c620\" data-element_type=\"section\">\n\t\t\t\t\t\t<div class=\"elementor-container elementor-column-gap-default\">\n\t\t\t\t\t<div class=\"elementor-column elementor-col-50 elementor-inner-column elementor-element elementor-element-8877fff\" data-id=\"8877fff\" data-element_type=\"column\">\n\t\t\t<div class=\"elementor-widget-wrap elementor-element-populated\">\n\t\t\t\t\t\t<div class=\"elementor-element elementor-element-5069b9a elementor-widget elementor-widget-button\" data-id=\"5069b9a\" data-element_type=\"widget\" data-widget_type=\"button.default\">\n\t\t\t\t<div class=\"elementor-widget-container\">\n\t\t\t\t\t\t\t\t\t<div class=\"elementor-button-wrapper\">\n\t\t\t\t\t<a class=\"elementor-button elementor-button-link elementor-size-sm\" href=\"mailto:info@bs-brands.com?subject=Richiesta%20Black%20Spider\">\n\t\t\t\t\t\t<span class=\"elementor-button-content-wrapper\">\n\t\t\t\t\t\t\t\t\t<span class=\"elementor-button-text\">Contactez-nous &gt;<\/span>\n\t\t\t\t\t<\/span>\n\t\t\t\t\t<\/a>\n\t\t\t\t<\/div>\n\t\t\t\t\t\t\t\t<\/div>\n\t\t\t\t<\/div>\n\t\t\t\t\t<\/div>\n\t\t<\/div>\n\t\t\t\t<div class=\"elementor-column elementor-col-50 elementor-inner-column elementor-element elementor-element-3178ab6\" data-id=\"3178ab6\" data-element_type=\"column\">\n\t\t\t<div class=\"elementor-widget-wrap\">\n\t\t\t\t\t\t\t<\/div>\n\t\t<\/div>\n\t\t\t\t\t<\/div>\n\t\t<\/section>\n\t\t\t\t\t<\/div>\n\t\t<\/div>\n\t\t\t\t\t<\/div>\n\t\t<\/section>\n\t\t\t\t<\/div>\n\t\t","protected":false},"excerpt":{"rendered":"<p>Comment acheterBlack Spider\u200b COMMENT EFFECTUER DES ACHATS SUR BLACK SPIDER Des v\u00eatements con\u00e7us pour le march\u00e9 professionnel, distribu\u00e9s par un r\u00e9seau structur\u00e9 et tri\u00e9 sur le volet. Black Spider ne vend pas directement au grand public. Nos produits sont distribu\u00e9s par un r\u00e9seau de revendeurs partenaires, s\u00e9lectionn\u00e9s pour leur comp\u00e9tence, leur fiabilit\u00e9 et leur connaissance &hellip;<\/p>\n","protected":false},"author":4,"featured_media":0,"parent":0,"menu_order":0,"comment_status":"closed","ping_status":"closed","template":"","meta":{"footnotes":""},"class_list":["post-1727065","page","type-page","status-publish","hentry"],"yoast_head":"<!-- This site is optimized with the Yoast SEO plugin v25.6 - https:\/\/yoast.com\/wordpress\/plugins\/seo\/ -->\n<title>Comment acheter - Black Spider Brands<\/title>\n<meta name=\"robots\" content=\"index, follow, max-snippet:-1, max-image-preview:large, max-video-preview:-1\" \/>\n<link rel=\"canonical\" href=\"https:\/\/bs-brands.com\/fr\/comment-acheter\/\" \/>\n<meta property=\"og:locale\" content=\"fr_FR\" \/>\n<meta property=\"og:type\" content=\"article\" \/>\n<meta property=\"og:title\" content=\"Comment acheter - Black Spider Brands\" \/>\n<meta property=\"og:description\" content=\"Comment acheterBlack Spider\u200b COMMENT EFFECTUER DES ACHATS SUR BLACK SPIDER Des v\u00eatements con\u00e7us pour le march\u00e9 professionnel, distribu\u00e9s par un r\u00e9seau structur\u00e9 et tri\u00e9 sur le volet. Black Spider ne vend pas directement au grand public. Nos produits sont distribu\u00e9s par un r\u00e9seau de revendeurs partenaires, s\u00e9lectionn\u00e9s pour leur comp\u00e9tence, leur fiabilit\u00e9 et leur connaissance &hellip;\" \/>\n<meta property=\"og:url\" content=\"https:\/\/bs-brands.com\/fr\/comment-acheter\/\" \/>\n<meta property=\"og:site_name\" content=\"Black Spider Brands\" \/>\n<meta property=\"article:modified_time\" content=\"2026-04-01T07:42:58+00:00\" \/>\n<meta name=\"twitter:card\" content=\"summary_large_image\" \/>\n<meta name=\"twitter:label1\" content=\"Dur\u00e9e de lecture estim\u00e9e\" \/>\n\t<meta name=\"twitter:data1\" content=\"2 minutes\" \/>\n<script type=\"application\/ld+json\" class=\"yoast-schema-graph\">{\"@context\":\"https:\/\/schema.org\",\"@graph\":[{\"@type\":\"WebPage\",\"@id\":\"https:\/\/bs-brands.com\/fr\/comment-acheter\/\",\"url\":\"https:\/\/bs-brands.com\/fr\/comment-acheter\/\",\"name\":\"Comment acheter - Black Spider Brands\",\"isPartOf\":{\"@id\":\"https:\/\/bs-brands.com\/fr\/#website\"},\"datePublished\":\"2026-04-01T07:32:43+00:00\",\"dateModified\":\"2026-04-01T07:42:58+00:00\",\"breadcrumb\":{\"@id\":\"https:\/\/bs-brands.com\/fr\/comment-acheter\/#breadcrumb\"},\"inLanguage\":\"fr-FR\",\"potentialAction\":[{\"@type\":\"ReadAction\",\"target\":[\"https:\/\/bs-brands.com\/fr\/comment-acheter\/\"]}]},{\"@type\":\"BreadcrumbList\",\"@id\":\"https:\/\/bs-brands.com\/fr\/comment-acheter\/#breadcrumb\",\"itemListElement\":[{\"@type\":\"ListItem\",\"position\":1,\"name\":\"Home\",\"item\":\"https:\/\/bs-brands.com\/fr\/\"},{\"@type\":\"ListItem\",\"position\":2,\"name\":\"Comment acheter\"}]},{\"@type\":\"WebSite\",\"@id\":\"https:\/\/bs-brands.com\/fr\/#website\",\"url\":\"https:\/\/bs-brands.com\/fr\/\",\"name\":\"BS BRANDS\",\"description\":\"\",\"potentialAction\":[{\"@type\":\"SearchAction\",\"target\":{\"@type\":\"EntryPoint\",\"urlTemplate\":\"https:\/\/bs-brands.com\/fr\/?s={search_term_string}\"},\"query-input\":{\"@type\":\"PropertyValueSpecification\",\"valueRequired\":true,\"valueName\":\"search_term_string\"}}],\"inLanguage\":\"fr-FR\"}]}<\/script>\n<!-- \/ Yoast SEO plugin. -->","yoast_head_json":{"title":"Comment acheter - Black Spider Brands","robots":{"index":"index","follow":"follow","max-snippet":"max-snippet:-1","max-image-preview":"max-image-preview:large","max-video-preview":"max-video-preview:-1"},"canonical":"https:\/\/bs-brands.com\/fr\/comment-acheter\/","og_locale":"fr_FR","og_type":"article","og_title":"Comment acheter - Black Spider Brands","og_description":"Comment acheterBlack Spider\u200b COMMENT EFFECTUER DES ACHATS SUR BLACK SPIDER Des v\u00eatements con\u00e7us pour le march\u00e9 professionnel, distribu\u00e9s par un r\u00e9seau structur\u00e9 et tri\u00e9 sur le volet. Black Spider ne vend pas directement au grand public. Nos produits sont distribu\u00e9s par un r\u00e9seau de revendeurs partenaires, s\u00e9lectionn\u00e9s pour leur comp\u00e9tence, leur fiabilit\u00e9 et leur connaissance &hellip;","og_url":"https:\/\/bs-brands.com\/fr\/comment-acheter\/","og_site_name":"Black Spider Brands","article_modified_time":"2026-04-01T07:42:58+00:00","twitter_card":"summary_large_image","twitter_misc":{"Dur\u00e9e de lecture estim\u00e9e":"2 minutes"},"schema":{"@context":"https:\/\/schema.org","@graph":[{"@type":"WebPage","@id":"https:\/\/bs-brands.com\/fr\/comment-acheter\/","url":"https:\/\/bs-brands.com\/fr\/comment-acheter\/","name":"Comment acheter - Black Spider Brands","isPartOf":{"@id":"https:\/\/bs-brands.com\/fr\/#website"},"datePublished":"2026-04-01T07:32:43+00:00","dateModified":"2026-04-01T07:42:58+00:00","breadcrumb":{"@id":"https:\/\/bs-brands.com\/fr\/comment-acheter\/#breadcrumb"},"inLanguage":"fr-FR","potentialAction":[{"@type":"ReadAction","target":["https:\/\/bs-brands.com\/fr\/comment-acheter\/"]}]},{"@type":"BreadcrumbList","@id":"https:\/\/bs-brands.com\/fr\/comment-acheter\/#breadcrumb","itemListElement":[{"@type":"ListItem","position":1,"name":"Home","item":"https:\/\/bs-brands.com\/fr\/"},{"@type":"ListItem","position":2,"name":"Comment acheter"}]},{"@type":"WebSite","@id":"https:\/\/bs-brands.com\/fr\/#website","url":"https:\/\/bs-brands.com\/fr\/","name":"BS BRANDS","description":"","potentialAction":[{"@type":"SearchAction","target":{"@type":"EntryPoint","urlTemplate":"https:\/\/bs-brands.com\/fr\/?s={search_term_string}"},"query-input":{"@type":"PropertyValueSpecification","valueRequired":true,"valueName":"search_term_string"}}],"inLanguage":"fr-FR"}]}},"_links":{"self":[{"href":"https:\/\/bs-brands.com\/fr\/wp-json\/wp\/v2\/pages\/1727065","targetHints":{"allow":["GET"]}}],"collection":[{"href":"https:\/\/bs-brands.com\/fr\/wp-json\/wp\/v2\/pages"}],"about":[{"href":"https:\/\/bs-brands.com\/fr\/wp-json\/wp\/v2\/types\/page"}],"author":[{"embeddable":true,"href":"https:\/\/bs-brands.com\/fr\/wp-json\/wp\/v2\/users\/4"}],"replies":[{"embeddable":true,"href":"https:\/\/bs-brands.com\/fr\/wp-json\/wp\/v2\/comments?post=1727065"}],"version-history":[{"count":1,"href":"https:\/\/bs-brands.com\/fr\/wp-json\/wp\/v2\/pages\/1727065\/revisions"}],"predecessor-version":[{"id":1727066,"href":"https:\/\/bs-brands.com\/fr\/wp-json\/wp\/v2\/pages\/1727065\/revisions\/1727066"}],"wp:attachment":[{"href":"https:\/\/bs-brands.com\/fr\/wp-json\/wp\/v2\/media?parent=1727065"}],"curies":[{"name":"wp","href":"https:\/\/api.w.org\/{rel}","templated":true}]}}