{"id":1690458,"date":"2025-04-08T17:05:42","date_gmt":"2025-04-08T15:05:42","guid":{"rendered":"https:\/\/blackspider.dgcal-dev.it\/prodotto\/sp115\/"},"modified":"2025-07-10T14:39:36","modified_gmt":"2025-07-10T12:39:36","slug":"sp115","status":"publish","type":"product","link":"https:\/\/bs-brands.com\/fr\/produit\/sp115\/","title":{"rendered":"Flash"},"content":{"rendered":"","protected":false},"excerpt":{"rendered":"<p>100&nbsp;% polyester recycl\u00e9. T-shirt ajust\u00e9 \u00e0 manches courtes non genr\u00e9, respirant, \u00e0 s\u00e9chage rapide, bande sudue au cou, structure avec coutures lat\u00e9rales, tissu durable et l\u00e9ger pour un confort maximal. \u00c9tiquette coup\u00e9e tiss\u00e9e au cou et \u00e9tiquette avec logo, composition, instructions de lavage sur le c\u00f4t\u00e9 d\u00e9tachable.  <\/p>\n","protected":false},"featured_media":0,"template":"","meta":[],"pwb-brand":[2381],"product_cat":[5313,3732],"product_tag":[5216],"class_list":{"0":"post-1690458","1":"product","2":"type-product","3":"status-publish","5":"pwb-brand-black-spider","6":"product_cat-sport-fr","7":"product_cat-t-shirt-fr","8":"product_tag-organic-fr","9":"pa_camac_busto-cuciture-laterali-fr","10":"pa_camac_collo-girocollo-fr","11":"pa_camac_color_group-01_bianco","12":"pa_camac_color_group-03_nero","13":"pa_camac_color_group-04_rosso","14":"pa_camac_color_group-05_blu","15":"pa_camac_color_group-06_royal-blu","16":"pa_camac_color_group-08_verde","17":"pa_camac_color_group-12_arancione","18":"pa_camac_color_group-13_giallo","19":"pa_camac_color_group-14_rosa","20":"pa_camac_fit-regular-fr","21":"pa_camac_genere-unisex-fr","22":"pa_camac_maniche-setin-fr","23":"pa_camac_tessuto-poliestere-traspirante-fr","24":"pa_colore-black","25":"pa_colore-green-fluo","26":"pa_colore-jade-green","27":"pa_colore-navy","28":"pa_colore-orange-fluo","29":"pa_colore-pink-fluo","30":"pa_colore-red","31":"pa_colore-royal-blue","32":"pa_colore-white","33":"pa_colore-yellow-fluo","34":"pa_country_of_manufacture-bangladesh-fr","35":"pa_taglia-xxs-fr","36":"pa_taglia-xs-fr","37":"pa_taglia-s-fr","38":"pa_taglia-m-fr","39":"pa_taglia-l-fr","40":"pa_taglia-xl-fr","41":"pa_taglia-xxl-fr","42":"pa_taglia-3xl-fr","44":"first","45":"instock","46":"shipping-taxable","47":"purchasable","48":"product-type-variable"},"yoast_head":"<!-- This site is optimized with the Yoast SEO plugin v25.6 - https:\/\/yoast.com\/wordpress\/plugins\/seo\/ -->\n<title>Flash - Black Spider Brands<\/title>\n<meta name=\"robots\" content=\"index, follow, max-snippet:-1, max-image-preview:large, max-video-preview:-1\" \/>\n<link rel=\"canonical\" href=\"https:\/\/bs-brands.com\/fr\/produit\/sp115\/\" \/>\n<meta property=\"og:locale\" content=\"fr_FR\" \/>\n<meta property=\"og:type\" content=\"article\" \/>\n<meta property=\"og:title\" content=\"Flash - Black Spider Brands\" \/>\n<meta property=\"og:description\" content=\"100&nbsp;% polyester recycl\u00e9. T-shirt ajust\u00e9 \u00e0 manches courtes non genr\u00e9, respirant, \u00e0 s\u00e9chage rapide, bande sudue au cou, structure avec coutures lat\u00e9rales, tissu durable et l\u00e9ger pour un confort maximal. \u00c9tiquette coup\u00e9e tiss\u00e9e au cou et \u00e9tiquette avec logo, composition, instructions de lavage sur le c\u00f4t\u00e9 d\u00e9tachable.\" \/>\n<meta property=\"og:url\" content=\"https:\/\/bs-brands.com\/fr\/produit\/sp115\/\" \/>\n<meta property=\"og:site_name\" content=\"Black Spider Brands\" \/>\n<meta property=\"article:modified_time\" content=\"2025-07-10T12:39:36+00:00\" \/>\n<meta name=\"twitter:card\" content=\"summary_large_image\" \/>\n<script type=\"application\/ld+json\" class=\"yoast-schema-graph\">{\"@context\":\"https:\/\/schema.org\",\"@graph\":[{\"@type\":\"WebPage\",\"@id\":\"https:\/\/bs-brands.com\/fr\/produit\/sp115\/\",\"url\":\"https:\/\/bs-brands.com\/fr\/produit\/sp115\/\",\"name\":\"Flash - Black Spider Brands\",\"isPartOf\":{\"@id\":\"https:\/\/bs-brands.com\/fr\/#website\"},\"datePublished\":\"2025-04-08T15:05:42+00:00\",\"dateModified\":\"2025-07-10T12:39:36+00:00\",\"breadcrumb\":{\"@id\":\"https:\/\/bs-brands.com\/fr\/produit\/sp115\/#breadcrumb\"},\"inLanguage\":\"fr-FR\",\"potentialAction\":[{\"@type\":\"ReadAction\",\"target\":[\"https:\/\/bs-brands.com\/fr\/produit\/sp115\/\"]}]},{\"@type\":\"BreadcrumbList\",\"@id\":\"https:\/\/bs-brands.com\/fr\/produit\/sp115\/#breadcrumb\",\"itemListElement\":[{\"@type\":\"ListItem\",\"position\":1,\"name\":\"Home\",\"item\":\"https:\/\/bs-brands.com\/fr\/\"},{\"@type\":\"ListItem\",\"position\":2,\"name\":\"shop\",\"item\":\"https:\/\/bs-brands.com\/fr\/boutique\/\"},{\"@type\":\"ListItem\",\"position\":3,\"name\":\"Flash\"}]},{\"@type\":\"WebSite\",\"@id\":\"https:\/\/bs-brands.com\/fr\/#website\",\"url\":\"https:\/\/bs-brands.com\/fr\/\",\"name\":\"BS BRANDS\",\"description\":\"\",\"potentialAction\":[{\"@type\":\"SearchAction\",\"target\":{\"@type\":\"EntryPoint\",\"urlTemplate\":\"https:\/\/bs-brands.com\/fr\/?s={search_term_string}\"},\"query-input\":{\"@type\":\"PropertyValueSpecification\",\"valueRequired\":true,\"valueName\":\"search_term_string\"}}],\"inLanguage\":\"fr-FR\"}]}<\/script>\n<!-- \/ Yoast SEO plugin. -->","yoast_head_json":{"title":"Flash - Black Spider Brands","robots":{"index":"index","follow":"follow","max-snippet":"max-snippet:-1","max-image-preview":"max-image-preview:large","max-video-preview":"max-video-preview:-1"},"canonical":"https:\/\/bs-brands.com\/fr\/produit\/sp115\/","og_locale":"fr_FR","og_type":"article","og_title":"Flash - Black Spider Brands","og_description":"100&nbsp;% polyester recycl\u00e9. T-shirt ajust\u00e9 \u00e0 manches courtes non genr\u00e9, respirant, \u00e0 s\u00e9chage rapide, bande sudue au cou, structure avec coutures lat\u00e9rales, tissu durable et l\u00e9ger pour un confort maximal. \u00c9tiquette coup\u00e9e tiss\u00e9e au cou et \u00e9tiquette avec logo, composition, instructions de lavage sur le c\u00f4t\u00e9 d\u00e9tachable.","og_url":"https:\/\/bs-brands.com\/fr\/produit\/sp115\/","og_site_name":"Black Spider Brands","article_modified_time":"2025-07-10T12:39:36+00:00","twitter_card":"summary_large_image","schema":{"@context":"https:\/\/schema.org","@graph":[{"@type":"WebPage","@id":"https:\/\/bs-brands.com\/fr\/produit\/sp115\/","url":"https:\/\/bs-brands.com\/fr\/produit\/sp115\/","name":"Flash - Black Spider Brands","isPartOf":{"@id":"https:\/\/bs-brands.com\/fr\/#website"},"datePublished":"2025-04-08T15:05:42+00:00","dateModified":"2025-07-10T12:39:36+00:00","breadcrumb":{"@id":"https:\/\/bs-brands.com\/fr\/produit\/sp115\/#breadcrumb"},"inLanguage":"fr-FR","potentialAction":[{"@type":"ReadAction","target":["https:\/\/bs-brands.com\/fr\/produit\/sp115\/"]}]},{"@type":"BreadcrumbList","@id":"https:\/\/bs-brands.com\/fr\/produit\/sp115\/#breadcrumb","itemListElement":[{"@type":"ListItem","position":1,"name":"Home","item":"https:\/\/bs-brands.com\/fr\/"},{"@type":"ListItem","position":2,"name":"shop","item":"https:\/\/bs-brands.com\/fr\/boutique\/"},{"@type":"ListItem","position":3,"name":"Flash"}]},{"@type":"WebSite","@id":"https:\/\/bs-brands.com\/fr\/#website","url":"https:\/\/bs-brands.com\/fr\/","name":"BS BRANDS","description":"","potentialAction":[{"@type":"SearchAction","target":{"@type":"EntryPoint","urlTemplate":"https:\/\/bs-brands.com\/fr\/?s={search_term_string}"},"query-input":{"@type":"PropertyValueSpecification","valueRequired":true,"valueName":"search_term_string"}}],"inLanguage":"fr-FR"}]}},"brands":[{"id":2381,"name":"Black Spider","slug":"black-spider"}],"_links":{"self":[{"href":"https:\/\/bs-brands.com\/fr\/wp-json\/wp\/v2\/product\/1690458","targetHints":{"allow":["GET"]}}],"collection":[{"href":"https:\/\/bs-brands.com\/fr\/wp-json\/wp\/v2\/product"}],"about":[{"href":"https:\/\/bs-brands.com\/fr\/wp-json\/wp\/v2\/types\/product"}],"wp:attachment":[{"href":"https:\/\/bs-brands.com\/fr\/wp-json\/wp\/v2\/media?parent=1690458"}],"wp:term":[{"taxonomy":"pwb-brand","embeddable":true,"href":"https:\/\/bs-brands.com\/fr\/wp-json\/wp\/v2\/pwb-brand?post=1690458"},{"taxonomy":"product_cat","embeddable":true,"href":"https:\/\/bs-brands.com\/fr\/wp-json\/wp\/v2\/product_cat?post=1690458"},{"taxonomy":"product_tag","embeddable":true,"href":"https:\/\/bs-brands.com\/fr\/wp-json\/wp\/v2\/product_tag?post=1690458"}],"curies":[{"name":"wp","href":"https:\/\/api.w.org\/{rel}","templated":true}]}}